{"id":40,"date":"2018-02-05T00:26:50","date_gmt":"2018-02-05T00:26:50","guid":{"rendered":"http:\/\/geolinterm.com.br\/geosociolin\/how-it-works\/"},"modified":"2019-02-26T16:47:11","modified_gmt":"2019-02-26T16:47:11","slug":"como-funciona","status":"publish","type":"page","link":"http:\/\/geolinterm.com.br\/geosociolin\/como-funciona\/","title":{"rendered":"Hist\u00f3rico"},"content":{"rendered":"<h1 style=\"text-align: center;\"><strong>A Fonoteca do Atlas Lingu\u00edstico do Par\u00e1<\/strong><\/h1>\n<h4><\/h4>\n<h4><strong>Autor: <\/strong>Abdelhak Razky (UFPA\/UnB\/CNPq)<br \/>\nEmail: arazky@gmail.com<\/h4>\n<p>A fonoteca do Atlas Lingu\u00edstico do Par\u00e1 faz parte do projeto Geossociolingu\u00edstica que Socioterminologia que eu coordeno na UFPA e na UnB.<\/p>\n<p>A equipe que participou da coleta e transcri\u00e7\u00e3o dos dados foi composta essencialmente de orientandos meus entre 1998 at\u00e9 2007. A fonoteca foi projetada para servir de base para disserta\u00e7\u00f5es de mestrado e teses de doutorado antes de constituir um objeto de um projeto maior sobre a organiza\u00e7\u00e3o de um corpus digital modelizado para um acesso p\u00fablico online e gratuito. Foi assim que o projeto serviu de um plano de trabalho de p\u00f3s-doutoramento na Universidade de Paris 13, supervisionado pelo Prof. Salah Mejri que colocou \u00e1 minha disposi\u00e7\u00e3o um laborat\u00f3rio e um engenheiro para assessorar na formata\u00e7\u00e3o do banco de dados e na confec\u00e7\u00e3o da maquete computacional cuja uma parte foi desenvolvida no Brasil.<\/p>\n<p style=\"text-align: right;\"><em><strong>Copyright Fonoteca do Atlas Lingu\u00edstico do Par\u00e1 \u00a9 2018. All Rights Reserved<\/strong><\/em><\/p>\n<h4><\/h4>\n<h4><strong>Projeto<\/strong>: Fonoteca do Altas Lingu\u00edstico do Par\u00e1<br \/>\n<strong>Proponente<\/strong>: Abdelhak Razky (UFPA\/UnB\/CNPq)<br \/>\n<strong>Supervisor<\/strong>: Salah Mejri (Universidade Paris 13)<\/h4>\n<h2><strong>Equipe envolvida<\/strong><\/h2>\n<h2><strong>INQUERIDORES:<\/strong><\/h2>\n<h4>ABDELHAK RAZKY<br \/>\nADELINA FARIAS<br \/>\nALCIDES FERNANDES DE LIMA<br \/>\nANA VAL\u00c9RIA E SANDRA<br \/>\nC\u00c9LIANE SOUSA COSTA<br \/>\nCARLENE FERREIRA NUNES SALVADOR<br \/>\nELIANE MACHADO<br \/>\nMARILUCIA BARROS DE OLIVEIRA<br \/>\nPATRICIA CAMPOS<br \/>\nORLANDO CASSIQUE<br \/>\nRAQUEL LOPES<br \/>\nROSANA CARVALHO<br \/>\nSIMONE NEGR\u00c3O DE FREITAS<\/h4>\n<h2><strong>TRANSCRI\u00c7\u00c3O: <\/strong><\/h2>\n<h4>ADELINA FARIAS<br \/>\nADRIANA DA SILVA FEITOSA<br \/>\nALESSANDRA MARINHO<br \/>\nCARLOS ALBERTO DE ARA\u00daJO<br \/>\nC\u00c9LIANE SOUSA COSTA<br \/>\nDAMIANA ALVES OLIVEIRA<br \/>\nERENILDA J. BARRETO<br \/>\nFRANCISCO E AURIZETE<br \/>\nFREDERICO SODR\u00c9<br \/>\nGISELE L. COSTA<br \/>\nGRACINETE FRANCO ANTUNES<br \/>\nIVAN DE BRITO ROLIM J\u00daNIOR<br \/>\nJU\u00c7ARA VITORIANO DE OLIVEIRA<br \/>\nNAT\u00c9RCIA LOURINHO MOURA<br \/>\nPATRICIA ALBUQUERQUE DE CAMPOS<br \/>\nSILDA CARLA P. DE OLIVEIRA<\/h4>\n<p><strong>\u00a0<\/strong><\/p>\n<h2><strong>REVIS\u00c3O: <\/strong><\/h2>\n<h4>ADELINA FARIAS<br \/>\nADRIANA DA SILVA FEITOSA<br \/>\nALESSANDRA MARINHO<br \/>\nIVAN DE BRITO<br \/>\nNAT\u00c9RCIA LOURINHO MOURA<br \/>\nC\u00c9LIANE SOUSA COSTA<\/h4>\n","protected":false},"excerpt":{"rendered":"<p>A Fonoteca do Atlas Lingu\u00edstico do Par\u00e1 Autor: Abdelhak Razky (UFPA\/UnB\/CNPq) Email: arazky@gmail.com A fonoteca do Atlas Lingu\u00edstico do Par\u00e1 faz parte do projeto Geossociolingu\u00edstica que Socioterminologia que eu coordeno na UFPA e na UnB. A equipe que participou da coleta e transcri\u00e7\u00e3o dos dados foi composta essencialmente de orientandos meus entre 1998 at\u00e9 2007.&hellip;<\/p>\n","protected":false},"author":4,"featured_media":0,"parent":0,"menu_order":0,"comment_status":"closed","ping_status":"closed","template":"page-templates\/template-single-column.php","meta":{"footnotes":""},"class_list":["post-40","page","type-page","status-publish","hentry","content-box content-box-wrapper"],"_links":{"self":[{"href":"http:\/\/geolinterm.com.br\/geosociolin\/wp-json\/wp\/v2\/pages\/40","targetHints":{"allow":["GET"]}}],"collection":[{"href":"http:\/\/geolinterm.com.br\/geosociolin\/wp-json\/wp\/v2\/pages"}],"about":[{"href":"http:\/\/geolinterm.com.br\/geosociolin\/wp-json\/wp\/v2\/types\/page"}],"author":[{"embeddable":true,"href":"http:\/\/geolinterm.com.br\/geosociolin\/wp-json\/wp\/v2\/users\/4"}],"replies":[{"embeddable":true,"href":"http:\/\/geolinterm.com.br\/geosociolin\/wp-json\/wp\/v2\/comments?post=40"}],"version-history":[{"count":14,"href":"http:\/\/geolinterm.com.br\/geosociolin\/wp-json\/wp\/v2\/pages\/40\/revisions"}],"predecessor-version":[{"id":1311,"href":"http:\/\/geolinterm.com.br\/geosociolin\/wp-json\/wp\/v2\/pages\/40\/revisions\/1311"}],"wp:attachment":[{"href":"http:\/\/geolinterm.com.br\/geosociolin\/wp-json\/wp\/v2\/media?parent=40"}],"curies":[{"name":"wp","href":"https:\/\/api.w.org\/{rel}","templated":true}]}}