{"id":1274,"date":"2019-02-03T23:50:11","date_gmt":"2019-02-03T23:50:11","guid":{"rendered":"http:\/\/geolinterm.com.br\/segel\/?page_id=1274"},"modified":"2019-09-10T01:18:04","modified_gmt":"2019-09-10T01:18:04","slug":"orientacoes","status":"publish","type":"page","link":"https:\/\/geolinterm.com.br\/segel\/?page_id=1274","title":{"rendered":""},"content":{"rendered":"\n\n\n<h2><strong><span>Mesa-redonda<\/span><\/strong><\/h2>\n<ul>\n<li><p style=\"text-align: justify;\">A modalidade mesa-redonda destina-se apenas a professores doutores vinculados a institui\u00e7\u00f5es de ensino e pesquisa;<\/p><\/li>\n<li><p style=\"text-align: justify;\">A mesa-redonda deve ser composta de quatro integrantes, no m\u00e1ximo, sendo um deles o seu coordenador;<\/p><\/li>\n<li><p style=\"text-align: justify;\">A proposta de mesa-redonda deve ser submetida exclusivamente pelo <em>site<\/em> do evento, de acordo com as orienta\u00e7\u00f5es disponibilizadas no mesmo, na aba NORMAS&gt;PARA RESUMO;<\/p><\/li>\n<li><p style=\"text-align: justify;\">A inscri\u00e7\u00e3o deve ser feita por um dos integrantes da Mesa-redonda (n\u00e3o necessariamente o coordenador), com a indica\u00e7\u00e3o do nome dos demais membros, sendo necess\u00e1ria a confirma\u00e7\u00e3o da inscri\u00e7\u00e3o de todos por meio do envio da ficha de inscri\u00e7\u00e3o e do comprovante de pagamento da taxa de inscri\u00e7\u00e3o para o e-mail <a href=\"mailto:segelufpa@gmail.com\">segelufpa@gmail.com<\/a>;<\/p><\/li>\n<li><p style=\"text-align: justify;\">A proposta de mesa-redonda ser\u00e1 avaliada pela Comiss\u00e3o Cient\u00edfica do VIII SEGEL e, caso seja aprovada, a atividade integrar\u00e1 a programa\u00e7\u00e3o do evento.<\/p><\/li>\n<\/ul>\n<h2><strong><span>Simp\u00f3sio tem\u00e1tico<\/span><\/strong><\/h2>\n<ul>\n<li><p style=\"text-align: justify;\">A modalidade simp\u00f3sio tem\u00e1tico destina-se apenas a professores doutores vinculados a institui\u00e7\u00f5es de ensino e pesquisa;<\/p><\/li>\n<li><p style=\"text-align: justify;\">O simp\u00f3sio tem\u00e1tico deve ter dois coordenadores, no m\u00e1ximo, sendo os dois professores doutores, e reunir de 06 a 14 comunica\u00e7\u00f5es individuais;<\/p><\/li>\n<li><p style=\"text-align: justify;\">A proposta de simp\u00f3sio tem\u00e1tico deve ser submetida exclusivamente pelo <em>site <\/em>do evento, de acordo com as normas disponibilizadas no mesmo, na aba NORMAS&gt;PARA RESUMO;<\/p><\/li>\n<li><p style=\"text-align: justify;\">No caso de o simp\u00f3sio tem\u00e1tico ter dois coordenadores, a inscri\u00e7\u00e3o deve ser feita por um deles, com a indica\u00e7\u00e3o do nome do outro, sendo necess\u00e1ria a confirma\u00e7\u00e3o da inscri\u00e7\u00e3o de ambos por meio do envio da ficha de inscri\u00e7\u00e3o e do comprovante de pagamento da taxa de inscri\u00e7\u00e3o para o e-mail <a href=\"mailto:segelufpa@gmail.com\">segelufpa@gmail.com<\/a>;<\/p><\/li>\n<li><p style=\"text-align: justify;\">Uma vez encerrado o per\u00edodo de submiss\u00e3o e avalia\u00e7\u00e3o de propostas de simp\u00f3sio tem\u00e1tico, ser\u00e1 aberto o per\u00edodo de submiss\u00e3o de comunica\u00e7\u00f5es individuais as quais dever\u00e3o, se aprovadas, compor os simp\u00f3sios tem\u00e1ticos aprovados pela Comiss\u00e3o Cient\u00edfica do VIII SEGEL;<\/p><\/li>\n<li><p style=\"text-align: justify;\">Cabe ao(s) coordenador(es) do simp\u00f3sio tem\u00e1tico selecionar e avaliar os trabalhos submetidos, obedecendo o(s) prazo(s) definido(s) pela Comiss\u00e3o Organizadora do VIII SEGEL;<\/p><\/li>\n<li><p style=\"text-align: justify;\">A proposta de simp\u00f3sio tem\u00e1tico ser\u00e1 avaliada pela Comiss\u00e3o Cient\u00edfica do VIII SEGEL e, caso seja aprovada, a atividade integrar\u00e1 a programa\u00e7\u00e3o do evento.<\/p><\/li\n\n<\/ul>\n<h2><span><strong>Minicurso<\/strong><\/span><\/h2>\n<ul>\n<li><p style=\"text-align: justify;\">A modalidade minicurso destina-se exclusivamente a professores doutores vinculados a institui\u00e7\u00f5es de ensino e pesquisa;<\/p><\/li>\n<li><p style=\"text-align: justify;\">O Minicurso deve ter dois ministrantes, no m\u00e1ximo, sendo um professor doutor e um discente de P\u00f3s-Gradua\u00e7\u00e3o (doutorado);<\/p><\/li> \n<li><p style=\"text-align: justify;\">No caso de o minicurso ter dois ministrantes, a inscri\u00e7\u00e3o deve ser feita por um deles, com a indica\u00e7\u00e3o do nome do outro, sendo necess\u00e1ria a confirma\u00e7\u00e3o da inscri\u00e7\u00e3o de ambos por meio do envio da ficha de inscri\u00e7\u00e3o e do comprovante de pagamento da taxa de inscri\u00e7\u00e3o para o e-mail <a href=\"mailto:segelufpa@gmail.com\">segelufpa@gmail.com<\/a>;<\/p><\/li>\n<li><p style=\"text-align: justify;\">A proposta de minicurso ser\u00e1 avaliada pela Comiss\u00e3o Cient\u00edfica do VIII SEGEL e, caso seja aprovada, a atividade integrar\u00e1 a programa\u00e7\u00e3o do Evento.<\/p><\/li>\n<\/ul>\n<h2><strong><span>Comunica\u00e7\u00e3o individual<\/span><\/strong><\/h2>\n<ul>\n<li><p style=\"text-align: justify;\">A modalidade comunica\u00e7\u00e3o individual destina-se apenas a professores doutores, alunos de p\u00f3s-gradua\u00e7\u00e3o (<em>Lato e Stricto Sensu<\/em>) e graduados;<\/p><\/li>\n<li><p style=\"text-align: justify;\">A proposta de comunica\u00e7\u00e3o individual deve ser submetida exclusivamente pelo <em>site<\/em> do evento, de acordo com as orienta\u00e7\u00f5es disponibilizadas no mesmo, na aba NORMAS&gt;PARA RESUMO;<\/p><\/li>\n<li><p style=\"text-align: justify;\">A abertura do per\u00edodo de submiss\u00e3o de comunica\u00e7\u00e3o individual em simp\u00f3sios tem\u00e1ticos acontecer\u00e1 ap\u00f3s o t\u00e9rmino do per\u00edodo de submiss\u00e3o e avalia\u00e7\u00e3o das propostas relativas aos mesmos;<\/p><\/li>\n<li><p style=\"text-align: justify;\">Cada trabalho pode ter tr\u00eas autores, no m\u00e1ximo;<\/p><\/li>\n<li><p style=\"text-align: justify;\">No caso de a comunica\u00e7\u00e3o individual ter dois ou tr\u00eas autores, a inscri\u00e7\u00e3o deve ser feita por um deles, com a indica\u00e7\u00e3o do nome do(s) outro(s), sendo necess\u00e1ria a confirma\u00e7\u00e3o da inscri\u00e7\u00e3o de todos por meio do envio da ficha de inscri\u00e7\u00e3o e do comprovante de pagamento da taxa de inscri\u00e7\u00e3o para o e-mail <a href=\"mailto:segelufpa@gmail.com\">segelufpa@gmail.com<\/a>;<\/p><\/li>\n<li><p style=\"text-align: justify;\">Cada autor pode inscrever apenas um trabalho como autor e um como coautor;<\/p><\/li>\n<li><p style=\"text-align: justify;\">A proposta de comunica\u00e7\u00e3o individual ser\u00e1 avaliada pelo(s) coordenador(es) do simp\u00f3sio tem\u00e1tico para o qual foi submetida e, caso seja aprovada, o trabalho integrar\u00e1 a programa\u00e7\u00e3o do evento;<\/p><\/li>\n<li><p style=\"text-align: justify;\">A proposta de comunica\u00e7\u00e3o individual n\u00e3o vinculada a simp\u00f3sio tem\u00e1tico ser\u00e1 avaliada pela Comiss\u00e3o Cient\u00edfica do VIII SEGEL e, caso seja aprovada, o trabalho integrar\u00e1 a programa\u00e7\u00e3o do evento. <\/li>\n<li><u><a href=\"http:\/\/geolinterm.com.br\/segel\/wp-content\/uploads\/2019\/09\/SLIDES-PARA-A-APRESENTA\u00c7\u00c3O-DE-COMUNICA\u00c7\u00d5ES-ORAIS-VIII-SEGEL-2019-1.ppt\">Modelo de Slide<\/a><\/u><\/li>\n<\/ul>\n<h2><span><strong>Painel<\/strong><\/span><\/h2>\n<ul>\n<li><p style=\"text-align: justify;\">A modalidade painel destina-se a alunos de gradua\u00e7\u00e3o;<\/p><\/li>\n<li><p style=\"text-align: justify;\">A proposta de painel deve ser submetida exclusivamente pelo <em>site<\/em> do evento, de acordo com as orienta\u00e7\u00f5es disponibilizadas no mesmo, na aba NORMAS&gt;PARA RESUMO;<\/p><\/li>\n<li><p style=\"text-align: justify;\">Cada trabalho deve ter tr\u00eas autores, no m\u00e1ximo;<\/p><\/li>\n<li><p style=\"text-align: justify;\">No caso de o painel ter dois ou tr\u00eas autores, a inscri\u00e7\u00e3o deve ser feita por um deles, com a indica\u00e7\u00e3o do nome do(s) outro(s), sendo necess\u00e1ria a confirma\u00e7\u00e3o da inscri\u00e7\u00e3o de todos por meio do envio da ficha de inscri\u00e7\u00e3o e do comprovante de pagamento da taxa de inscri\u00e7\u00e3o para o e-mail <a href=\"mailto:segelufpa@gmail.com\">segelufpa@gmail.com<\/a>;<\/p><\/li>\n<li><p style=\"text-align: justify;\">Cada autor pode submeter apenas um trabalho como autor e um como coautor.<\/p><\/li>\n<li><p style=\"text-align: justify;\">A proposta de painel ser\u00e1 avaliada pela Comiss\u00e3o Cient\u00edfica do VIII SEGEL e, caso seja aprovada, o trabalho integrar\u00e1 a programa\u00e7\u00e3o do vento.<\/p><\/li>\n<li><u><a href=\"http:\/\/geolinterm.com.br\/segel\/wp-content\/uploads\/2019\/09\/05-09-2019-MODELO-PAINEL-VIII-SEGEL.ppt\">Modelo de Painel<\/a><\/u><\/li>\n<\/ul>\n\n\n\n<p><\/p>\n","protected":false},"excerpt":{"rendered":"<p>Mesa-redonda A modalidade mesa-redonda destina-se apenas a professores doutores vinculados a institui\u00e7\u00f5es de ensino e pesquisa; A mesa-redonda deve ser composta de quatro integrantes, no m\u00e1ximo, sendo um deles o seu coordenador; A proposta de mesa-redonda deve ser submetida exclusivamente pelo site do evento, de acordo com as orienta\u00e7\u00f5es disponibilizadas no mesmo, na aba NORMAS&gt;PARA &hellip; <a href=\"https:\/\/geolinterm.com.br\/segel\/?page_id=1274\" class=\"more-link\">Continue lendo <span class=\"screen-reader-text\"><\/span> <span class=\"meta-nav\">&rarr;<\/span><\/a><\/p>\n","protected":false},"author":65,"featured_media":0,"parent":0,"menu_order":0,"comment_status":"closed","ping_status":"closed","template":"","meta":{"spay_email":"","footnotes":""},"class_list":["post-1274","page","type-page","status-publish","hentry"],"_links":{"self":[{"href":"https:\/\/geolinterm.com.br\/segel\/index.php?rest_route=\/wp\/v2\/pages\/1274","targetHints":{"allow":["GET"]}}],"collection":[{"href":"https:\/\/geolinterm.com.br\/segel\/index.php?rest_route=\/wp\/v2\/pages"}],"about":[{"href":"https:\/\/geolinterm.com.br\/segel\/index.php?rest_route=\/wp\/v2\/types\/page"}],"author":[{"embeddable":true,"href":"https:\/\/geolinterm.com.br\/segel\/index.php?rest_route=\/wp\/v2\/users\/65"}],"replies":[{"embeddable":true,"href":"https:\/\/geolinterm.com.br\/segel\/index.php?rest_route=%2Fwp%2Fv2%2Fcomments&post=1274"}],"version-history":[{"count":29,"href":"https:\/\/geolinterm.com.br\/segel\/index.php?rest_route=\/wp\/v2\/pages\/1274\/revisions"}],"predecessor-version":[{"id":2150,"href":"https:\/\/geolinterm.com.br\/segel\/index.php?rest_route=\/wp\/v2\/pages\/1274\/revisions\/2150"}],"wp:attachment":[{"href":"https:\/\/geolinterm.com.br\/segel\/index.php?rest_route=%2Fwp%2Fv2%2Fmedia&parent=1274"}],"curies":[{"name":"wp","href":"https:\/\/api.w.org\/{rel}","templated":true}]}}