{"id":1325,"date":"2019-02-12T19:15:29","date_gmt":"2019-02-12T19:15:29","guid":{"rendered":"http:\/\/geolinterm.com.br\/segel\/?page_id=1325"},"modified":"2019-10-22T19:05:22","modified_gmt":"2019-10-22T19:05:22","slug":"1325-2","status":"publish","type":"page","link":"https:\/\/geolinterm.com.br\/segel\/?page_id=1325","title":{"rendered":""},"content":{"rendered":"\n<p style=\"text-align: justify;\">A inscri\u00e7\u00e3o no VIII SEGEL \u00e9 realizada exclusivamente mediante preenchimento do formul\u00e1rio de inscri\u00e7\u00e3o, de acordo com a modalidade de participa\u00e7\u00e3o pretendida.Ap&oacute;s o envio do Aceite do trabalho pela Comiss&atilde;o Organizadora do evento, o comprovante de pagamento da taxa de inscri&ccedil;&atilde;o, devidamente identificado com o nome e o CPF do participante, e a <u><a href=\"http:\/\/geolinterm.com.br\/segel\/wp-content\/uploads\/2019\/06\/Ficha-de-inscri\u00e7\u00e3o-VIII-SEGEL.docx\">ficha de inscri&ccedil;&atilde;o<\/a><\/u> devem ser enviados para o e-mail <a href=\"mailto:segelufpa@gmail.com\">segelufpa@gmail.com<\/a><\/p>\n<p>O Pagamento deve ser realizado por meio da seguinte conta banc&aacute;ria:<\/p>\n<p style=\"text-align: center;\"><strong>Banco: Banco do Brasil<\/strong><\/p>\n<p style=\"text-align: center;\"><strong>Ag&ecirc;ncia:&nbsp;3702-8<\/strong><\/p>\n<p style=\"text-align: center;\"><strong>Conta corrente:&nbsp;76831-6<\/strong><\/p>\n<p style=\"text-align: center;\"><strong>Nome: VII SERGEL ALCIDES<\/strong><\/p>\n<table>\n<tbody>\n\t<tr>\n\t\t<td style=\" background-color: #04b45f;\" colspan=\"2\">\n\t\t<h3 style=\"text-align: center;\"><span style=\"color: #000000;\"><strong>PRAZOS\t<\/strong><\/span><\/h3>\n\t<\/td>\n\t<\/tr>\n\t<tr>\n\t\t<td style=\"width: 389px;\">\n\t\t<strong><h5>Inscri&ccedil;&atilde;o Ouvinte<\/h5><\/strong>\n\t\t<\/td>\n<td style=\"width: 161px;\">\n<h5> de 15\/02 a 23\/10<\/h5>\n<\/td>\n<\/tr>\n\n<tr>\n<td style=\"width: 389px;\">\n<strong><h5>Pagamento Comunica\u00e7\u00e3o individual<\/h5><\/strong>\n<\/td>\n<td style=\"width: 161px;\">\n<h5> At\u00e9 10\/10<\/h5>\n<\/td>\n<\/tr>\n<tr>\n<td style=\"width: 389px;\">\n<strong><h5>Pagamento Minicurso<\/h5><\/strong>\n<\/td>\n<td style=\"width: 161px;\">\n<h5> At\u00e9 15\/10<\/h5>\n<\/td>\n<\/tr>\n<tr>\n<td style=\"width: 389px;\">\n<strong><h5>Pagamento Ouvinte<\/h5><\/strong>\n<\/td>\n<td style=\"width: 161px;\">\n<h5> At\u00e9 23\/10<\/h5>\n<\/td>\n<\/tr>\n<tr>\n<td style=\"width: 389px;\">\n<strong><h5>Inscri&ccedil;&atilde;o Ouvinte<\/h5><\/strong>\n<\/td>\n<td style=\"width: 161px;\">\n<h5> de 15\/02 a 22\/10<\/h5>\n<\/td>\n<\/tr>\n<tr>\n<td>\nSubmiss&atilde;o de propostas &#8211; &nbsp;Mesa-redonda\n<\/td>\n<td >\n<span style=\"color:rgb(254, 0, 0)\">de 15\/02 a 22\/09<\/span><br> <span style=\"color:rgb(254, 0, 0)\">(Encerrado)<\/span>\n<\/td>\n<\/tr>\n<tr>\n<td style=\"width: 389px;\">\nSubmiss&atilde;o de propostas &ndash; Simp&oacute;sio Tem&aacute;tico\n<\/td>\n<td style=\"width: 161px;\">\n<strike> de 15\/02 a 15\/03<\/strike><br>\n<strike>de 15\/03 a 15\/04<\/strike><br>\n<span style=\"color:rgb(254, 0, 0)\">de 15\/03 a 28\/04<\/span><br> <span style=\"color:rgb(254, 0, 0)\">(Encerrado)<\/span>\n<\/td>\n<\/tr>\n<tr>\n<td style=\"width: 389px;\">\n<p>Submiss&atilde;o de propostas &#8211; Minicurso<\/p>\n\n<\/td>\n<td style=\"width: 161px;\">\n<strike> de 15\/02 a 15\/03<\/strike><br>\n<strike>de 15\/03 a 15\/04<\/strike><br>\n<span style=\"color:rgb(254, 0, 0)\">de 15\/03 a 28\/04<\/span><br> <span style=\"color:rgb(254, 0, 0)\">(Encerrado)<\/span>\n<\/td>\n<\/tr>\n\n\n<tr>\n<td style=\"width: 389px;\">\n<p>Avalia&ccedil;&atilde;o das propostas &#8211; Simp&oacute;sio Tem&aacute;tico e Minicurso\/Prazo para pagamento da inscri\u00e7\u00e3o nessas modalidades\n<\/td>\n<td style=\"width: 161px;\">\n <strike>de 15\/02 a 18\/03<\/strike><br>\n<Strike>de 15\/03 a 18\/04<\/Strike><br>\n<span style=\"color:rgb(254, 0, 0)\">de 15\/03 a 28\/04<\/span><br> <span style=\"color:rgb(254, 0, 0)\">(Encerrado)<\/span>\n<\/td>\n<\/tr>\n\n<tr>\n<td style=\"width: 389px;\">\n<p>Submiss&atilde;o de propostas &#8211; Comunica&ccedil;&atilde;o Individual<\/p>\n<\/td>\n<td style=\"width: 161px;\">\n<strike>de 19\/03 a 22\/09<\/strike><br>\n<strike>de 19\/04 a 22\/09<\/strike><br>\n<span style=\"color:rgb(254, 0, 0)\">de 06\/05 a 22\/09<\/span><br> <span style=\"color:rgb(254, 0, 0)\">(Encerrado)<\/span>\n<\/td>\n<\/tr>\n\n<tr>\n<td style=\"width: 389px;\">\n<p>Submiss&atilde;o de propostas &#8211; Painel<\/p>\n<\/td>\n<td style=\"width: 161px;\">\n<strike>de 19\/03 a 22\/09<\/strike><br>\n<strike>de 19\/04 a 22\/09<\/strike><br>\n<span style=\"color:rgb(254, 0, 0)\">de 06\/05 a 22\/09<\/span><br> <span style=\"color:rgb(254, 0, 0)\">(Encerrado)<\/span>\n<\/td>\n<\/tr>\n\n\n<\/tbody>\n<\/table>\n<p>&nbsp;<\/p>\n<table style=\"width: 657px;\">\n<tbody>\n<tr>\n<td style=\"background-color: #04b45f; width: 633px;\" colspan=\"4\">\n<h2 style=\"text-align: center;\"><strong>VIII SEGEL &#8211; TAXAS<\/strong><\/h2>\n<\/td>\n<\/tr>\n<tr>\n<td style=\"width: 172px;\">\n<p>Graduando ouvinte<\/p>\n<\/td>\n<td style=\"width: 91px;\">\n<p>R$ 30,00<\/p>\n<\/td>\n<td style=\"width: 242px;\">\n<p>Graduando com apresenta&ccedil;&atilde;o de trabalho<\/p>\n<\/td>\n<td style=\"width: 128px;\">\n<p>R$ 40,00<\/p>\n<\/td>\n<\/tr>\n<tr>\n<td style=\"width: 172px;\">\n<p>Graduado ouvinte<\/p>\n<\/td>\n<td style=\"width: 91px;\">\n<p>R$ 50,00<\/p>\n<\/td>\n<td style=\"width: 242px;\">\n<p>Graduado com apresenta&ccedil;&atilde;o de trabalho<\/p>\n<\/td>\n<td style=\"width: 128px;\">\n<p>R$ 60,00<\/p>\n<\/td>\n<\/tr>\n<tr>\n<td style=\"width: 172px;\">\n<p>P&oacute;s-Graduando ouvinte<\/p>\n<\/td>\n<td style=\"width: 91px;\">\n<p>R$ 70,00<\/p>\n<\/td>\n<td style=\"width: 242px;\">\n<p>P&oacute;s-Graduando com apresenta&ccedil;&atilde;o de trabalho<\/p>\n<\/td>\n<td style=\"width: 128px;\">\n<p>R$ 80,00<\/p>\n<\/td>\n<\/tr>\n<tr>\n<td style=\"width: 172px;\">\n<p>P&oacute;s-Graduado ouvinte<\/p>\n<\/td>\n<td style=\"width: 91px;\">\n<p>R$ 100,00<\/p>\n<\/td>\n<td style=\"width: 242px;\">\n<p>P&oacute;s-Graduado com apresenta&ccedil;&atilde;o de trabalho<\/p>\n<\/td>\n<td style=\"width: 128px;\">\n<p>R$ 110,00<\/p>\n<\/td>\n<\/tr>\n<tr>\n<td style=\"width: 172px;\">\n<p>Professor ouvinte<\/p>\n<\/td>\n<td style=\"width: 91px;\">\n<p>R$ 120,00<\/p>\n<\/td>\n<td style=\"width: 242px;\">\n<p>Professor com apresenta&ccedil;&atilde;o de trabalho<\/p>\n<\/td>\n<td style=\"width: 128px;\">\n<p>R$ 130,00<\/p>\n<\/td>\n<\/tr>\n<tr>\n<td style=\"width: 172px;\">\n<p>Minicurso<\/p>\n<\/td>\n<td style=\"width: 91px;\">\n<p>R$ 35,00<\/p>\n<\/td>\n<td style=\"width: 242px;\">\n<p>&nbsp;<\/p>\n<\/td>\n<td style=\"width: 128px;\">\n<p>&nbsp;<\/p>\n<\/td>\n<\/tr>\n<\/tbody>\n<\/table>\n","protected":false},"excerpt":{"rendered":"<p>A inscri\u00e7\u00e3o no VIII SEGEL \u00e9 realizada exclusivamente mediante preenchimento do formul\u00e1rio de inscri\u00e7\u00e3o, de acordo com a modalidade de participa\u00e7\u00e3o pretendida.Ap&oacute;s o envio do Aceite do trabalho pela Comiss&atilde;o Organizadora do evento, o comprovante de pagamento da taxa de inscri&ccedil;&atilde;o, devidamente identificado com o nome e o CPF do participante, e a ficha de &hellip; <a href=\"https:\/\/geolinterm.com.br\/segel\/?page_id=1325\" class=\"more-link\">Continue lendo <span class=\"screen-reader-text\"><\/span> <span class=\"meta-nav\">&rarr;<\/span><\/a><\/p>\n","protected":false},"author":65,"featured_media":0,"parent":0,"menu_order":0,"comment_status":"closed","ping_status":"closed","template":"","meta":{"spay_email":"","footnotes":""},"class_list":["post-1325","page","type-page","status-publish","hentry"],"_links":{"self":[{"href":"https:\/\/geolinterm.com.br\/segel\/index.php?rest_route=\/wp\/v2\/pages\/1325","targetHints":{"allow":["GET"]}}],"collection":[{"href":"https:\/\/geolinterm.com.br\/segel\/index.php?rest_route=\/wp\/v2\/pages"}],"about":[{"href":"https:\/\/geolinterm.com.br\/segel\/index.php?rest_route=\/wp\/v2\/types\/page"}],"author":[{"embeddable":true,"href":"https:\/\/geolinterm.com.br\/segel\/index.php?rest_route=\/wp\/v2\/users\/65"}],"replies":[{"embeddable":true,"href":"https:\/\/geolinterm.com.br\/segel\/index.php?rest_route=%2Fwp%2Fv2%2Fcomments&post=1325"}],"version-history":[{"count":38,"href":"https:\/\/geolinterm.com.br\/segel\/index.php?rest_route=\/wp\/v2\/pages\/1325\/revisions"}],"predecessor-version":[{"id":2410,"href":"https:\/\/geolinterm.com.br\/segel\/index.php?rest_route=\/wp\/v2\/pages\/1325\/revisions\/2410"}],"wp:attachment":[{"href":"https:\/\/geolinterm.com.br\/segel\/index.php?rest_route=%2Fwp%2Fv2%2Fmedia&parent=1325"}],"curies":[{"name":"wp","href":"https:\/\/api.w.org\/{rel}","templated":true}]}}