{"id":1337,"date":"2019-02-12T20:03:41","date_gmt":"2019-02-12T20:03:41","guid":{"rendered":"http:\/\/geolinterm.com.br\/segel\/?page_id=1337"},"modified":"2019-06-10T13:57:41","modified_gmt":"2019-06-10T13:57:41","slug":"1337-2","status":"publish","type":"page","link":"https:\/\/geolinterm.com.br\/segel\/?page_id=1337","title":{"rendered":""},"content":{"rendered":"\n<table id=\"tablepress-2\" class=\"tablepress tablepress-id-2\">\n<tbody class=\"row-hover\">\n<tr class=\"row-1 odd\">\n\t<td class=\"column-1\"><p style=\"text-align: center;\"><a href=\"http:\/\/geolinterm.com.br\/segel\/wp-content\/uploads\/2019\/02\/SALAH.jpg\"><img loading=\"lazy\" decoding=\"async\" src=\"http:\/\/geolinterm.com.br\/segel\/wp-content\/uploads\/2019\/02\/SALAH.jpg\" alt=\"\" width=\"150\" height=\"200\" class=\"alignnone size-full wp-image-1338\" \/><\/a><\/p><br \/>\n<div style=\"margin: auto; width: 100%; \"><h5 class='azc_tsh_toggle' style=''><a href='#' style='font-family: arial; font-size: 14; font-weight: 600; '>Prof. Dr. Salah Mejri <br><br \/>\nParis 13\/Fran\u00e7a<\/a><\/h5><div class='azc_tsh_toggle_container' style='font-family: Arial; font-size: 12; font-weight: 600; '><br \/>\n<p style=\"text-align: justify;\"><br \/>\nSalah Mejri \u00e9 professor classe excepcional da Universit\u00e9 Paris 13. Desenvolve pesquisa nas \u00e1reas de Lexicologia, Sintaxe, Sem\u00e2ntica, Geografia Lingu\u00edstica, Tradu\u00e7\u00e3o, Lingu\u00edstica Contrastiva, Processamento de Linguagem, Lingu\u00edstica Te\u00f3rica. \u00c9 coordenador do Atlas Lingu\u00edstico da Tun\u00edsia e atuou como diretor da Unit\u00e9 de recherche Traitement Informatique du Lexique, do Laboratoire de Linguistique Informatique (LLI), do LDI (Lexiques, Dictionnaires, Informatique), entre outros. Destacam-se, ainda, no curr\u00edculo do professor colabora\u00e7\u00f5es nacionais e internacionais (projetos ARCUS, LIA, COFECUB, STAR, POLONIUM), al\u00e9m da organiza\u00e7\u00e3o de encontros cient\u00edficos nacionais e internacionais (Journ\u00e9es CONSCILA, Colloque du r\u00e9seau LTT, journ\u00e9es d\u2019\u00e9tudes, etc.).Atualmente, encontra-se vinculado ao Laboratoire de Th\u00e9ories, Textes Num\u00e9rique, na Universit\u00e9 Paris 13.<br \/>\n<\/p><br \/>\n<\/div><\/div><br \/>\n<br \/>\n<\/td><td class=\"column-2\"><p style=\"text-align: center;\"><a href=\"http:\/\/geolinterm.com.br\/segel\/wp-content\/uploads\/2019\/06\/Luiz-Percival-1-1.jpg\"><img loading=\"lazy\" decoding=\"async\" src=\"http:\/\/geolinterm.com.br\/segel\/wp-content\/uploads\/2019\/06\/Luiz-Percival-1-1.jpg\" alt=\"\" width=\"150\" height=\"200\" class=\"alignnone size-medium wp-image-490\" \/><\/a><\/p><br \/>\n<div style=\"margin: auto; width: 100%; \"><h5 class='azc_tsh_toggle' style=''><a href='#' style='font-family: arial; font-size: 14; font-weight: 600; '>Prof. Dr. Luiz Percival <br><br \/>\nUFOPA\/Brasil<\/a><\/h5><div class='azc_tsh_toggle_container' style='font-family: Arial; font-size: 12; font-weight: 600; '><br \/>\n<br \/>\n<br \/>\n<p style=\"text-align: justify;\">Luiz Percival graduou-se em Letras pelo Instituto de Estudos da Linguagem, da Universidade Estadual de Campinas (1983), onde tamb\u00e9m fez mestrado (1988) e doutorado (1997) em Lingu\u00edstica. Atua na \u00e1rea de Educa\u00e7\u00e3o e Linguagem desde 1982, como professor, pesquisador e formador de professores, desenvolvendo pesquisas e realizando assessoria em v\u00e1rios n\u00edveis de ensino para diferentes inst\u00e2ncias administrativas e organiza\u00e7\u00f5es sociais, trabalhando principalmente com Leitura, Ensino da L\u00edngua Portuguesa em n\u00edvel Fundamental e M\u00e9dio e Educa\u00e7\u00e3o Superior e Norma e varia\u00e7\u00e3o lingu\u00edstica. \u00c9 professor da Universidade Federal do Oeste do Par\u00e1 desde abril de 2010, onde atua nos cursos de gradua\u00e7\u00e3o de Pedagogia e Letras e nos programas de mestrado Profissionalizante em Letras - Profletras e de P\u00f3s-gradua\u00e7\u00e3o em Educa\u00e7\u00e3o, do qual \u00e9 o atual coordenador. Lidera o LELIT - Grupo de estudo, pesquisa e interven\u00e7\u00e3o em leitura, escrita e Literatura na escola. \u00c9 membro do Movimento por um Brasil Liter\u00e1rio e professor de refer\u00eancia da Olimp\u00edada de L\u00edngua Portuguesa no Estado do Par\u00e1.<\/p><\/div><\/div><\/td>\n<\/tr>\n<tr class=\"row-2 even\">\n\t<td class=\"column-1\"><p style=\"text-align: center;\"><a href=\"http:\/\/geolinterm.com.br\/segel\/wp-content\/uploads\/2019\/09\/Angela-Kleiman-10.jpg\"><img loading=\"lazy\" decoding=\"async\" src=\"http:\/\/geolinterm.com.br\/segel\/wp-content\/uploads\/2019\/09\/Angela-Kleiman-10.jpg\" alt=\"\" width=\"150\" height=\"200\" class=\"alignnone size-medium wp-image-490\" \/><\/a><\/p><br \/>\n<div style=\"margin: auto; width: 100%; \"><h5 class='azc_tsh_toggle' style=''><a href='#' style='font-family: arial; font-size: 14; font-weight: 600; '>Prof. Dra. Angela Kleiman<br><br \/>\nUNICAMP\/Brasil<\/a><\/h5><div class='azc_tsh_toggle_container' style='font-family: Arial; font-size: 12; font-weight: 600; '><br \/>\n<br \/>\n<p style=\"text-align: justify;\">Possui gradua\u00e7\u00e3o em Letras pela Universidade de Chile (1967), Mestrado em Ling\u00fc\u00edstica (1969); PhD em Ling\u00fc\u00edstica (1974) ambos pela Universityof Illinois; p\u00f3s-doutorado no Center for theStudyof Reading na Universityof Illinois e na University. ofGeorgia (1982-1983). Atualmente \u00e9 Professor Titular, colaboradora aposentada na Universidade Estadual de Campinas. Coordenou a implanta\u00e7\u00e3o, em 1982, do Departamento de Lingu\u00edstica Aplicada no Instituto de Estudos da Linguagem da Unicamp, e dos cursos de Mestrado e Doutorado do Departamento.Tem experi\u00eancia na \u00e1rea de Lingu\u00edstica Aplicada, atuando principalmente nos seguintes temas: leitura, EJA, forma\u00e7\u00e3o do professor de l\u00edngua materna e letramento. Nessas \u00e1reas, publicou e organizou os seguintes livros e colet\u00e2neas: Leitura: Ensino e Pesquisa (1989, 2011); Texto e Leitor: Aspectos cognitivos da leitura (1989, 16\u00aa ed. 2016); Oficina de Leitura, (1993, 16\u00aa ed. 2016), Leitura e Interdisciplinaridade: Tecendo redes nos projetos da escola (1999, 2009, com Silvia Moraes), Preciso ?ensinar? o letramento? N\u00e3o basta ensinar a ler e escrever? (2005, 2010); Oficina de Gram\u00e1tica. Metalinguagem para principiantes (2012, com Cida Sepulveda), Tamb\u00e9m organizou v\u00e1rias colet\u00e2neas que re\u00fanem trabalhos importantes nas suas \u00e1reas de atua\u00e7\u00e3o: Os significados do letramento (1995, 2012); A Forma\u00e7\u00e3o do Professor. Perspectivas da Lingu\u00edstica Aplicada (2001, 2009), O ensino e a forma\u00e7\u00e3o do professor (2000, com I. Signorini); Letramento e Forma\u00e7\u00e3o do Professor. Pr\u00e1ticas discursivas, representa\u00e7\u00f5es e constru\u00e7\u00e3o do saber (2005, 2009, com Maria de Lourdes M. Matencio); Lingu\u00edstica Aplicada: suas faces e interfaces (2007, com M. Cavalcanti); Letramentos M\u00faltiplos: agentes, pr\u00e1ticas e representa\u00e7\u00f5es (2008, com Maria Do Socorro Oliveira), Significados e ressignifica\u00e7\u00f5es do letramento. Desdobramentos de uma perspectiva sociocultural da escrita (2016, com Juliana Alves Assis).<\/p><\/div><\/div><\/td><td class=\"column-2\"><p style=\"text-align: center;\"><a href=\"http:\/\/geolinterm.com.br\/segel\/wp-content\/uploads\/2019\/09\/FIO.jpg\"><img loading=\"lazy\" decoding=\"async\" src=\"http:\/\/geolinterm.com.br\/segel\/wp-content\/uploads\/2019\/09\/FIO.jpg\" alt=\"\" width=\"150\" height=\"200\" class=\"alignnone size-medium wp-image-490\" \/><\/a><\/p><br \/>\n<div style=\"margin: auto; width: 100%; \"><h5 class='azc_tsh_toggle' style=''><a href='#' style='font-family: arial; font-size: 14; font-weight: 600; '>Prof. Dr. Jos\u00e9 Luiz Fiorin<br><br \/>\nUSP\/Brasil<\/a><\/h5><div class='azc_tsh_toggle_container' style='font-family: Arial; font-size: 12; font-weight: 600; '><br \/>\n<br \/>\n<p style=\"text-align: justify;\">\u00c9 licenciado em Letras pela Faculdade de Filosofia Ci\u00eancias e Letras de Pen\u00e1polis (1970), tem mestrado em Lingu\u00edstica pela Universidade de S\u00e3o Paulo (1980) e doutorado em Lingu\u00edstica pela Universidade de S\u00e3o Paulo (1983). Fez p\u00f3s-doutorado na Ecole des Hautes Etudes en Sciences Sociales (Paris) (1983-1984) e na Universidade de Bucareste (1991-1992). Fez livre-doc\u00eancia em Teoria e An\u00e1lise do Texto na Universidade de S\u00e3o Paulo (1994). Atualmente \u00e9 Professor Associado do Departamento de Lingu\u00edstica da FFLCH da Universidade de S\u00e3o Paulo. Foi membro do Conselho Deliberativo do CNPq (2000-2004) e Representante da \u00c1rea de Letras e Lingu\u00edstica na CAPES (1995-1999). Tem experi\u00eancia na \u00e1rea de Lingu\u00edstica, com \u00eanfase em Teoria e An\u00e1lise Lingu\u00edstica, atuando principalmente em temas relacionados \u00e0 enuncia\u00e7\u00e3o. Al\u00e9m de muitos artigos em revistas especializadas e cap\u00edtulos de livros, publicou diversos livros, entre os quais As ast\u00facias da enuncia\u00e7\u00e3o (Contexto); Em busca do sentido: estudos discursivos (Contexto); Introdu\u00e7\u00e3o ao pensamento de Bakhtin (Contexto); O regime de 1964: discurso e ideologia (Atual); Li\u00e7\u00f5es de texto: leitura e reda\u00e7\u00e3o (\u00c1tica); Figuras de ret\u00f3rica (Contexto); Argumenta\u00e7\u00e3o (Contexto). Organizou v\u00e1rios livros, entre os quais Introdu\u00e7\u00e3o \u00e0 Lingu\u00edstica I. Objetos te\u00f3ricos (Contexto); Introdu\u00e7\u00e3o \u00e0 Lingu\u00edstica II. Princ\u00edpios de an\u00e1lise (Contexto); Novos caminhos da Lingu\u00edstica<\/p><\/div><\/div><\/td>\n<\/tr>\n<tr class=\"row-3 odd\">\n\t<td class=\"column-1\"><p style=\"text-align: center;\"><a href=\"http:\/\/geolinterm.com.br\/segel\/wp-content\/uploads\/2019\/10\/Maria-da-Penha.jpg\"><img loading=\"lazy\" decoding=\"async\" src=\"http:\/\/geolinterm.com.br\/segel\/wp-content\/uploads\/2019\/10\/Maria-da-Penha.jpg\" alt=\"\" width=\"150\" height=\"200\" class=\"alignnone size-medium wp-image-490\" \/><\/a><\/p><br \/>\n<div style=\"margin: auto; width: 100%; \"><h5 class='azc_tsh_toggle' style=''><a href='#' style='font-family: arial; font-size: 14; font-weight: 600; '>Prof. Dra. Maria da Penha<br><br \/>\nUFRN\/PROFLETRAS\/Brasil<\/a><\/h5><div class='azc_tsh_toggle_container' style='font-family: Arial; font-size: 12; font-weight: 600; '><br \/>\n<br \/>\n<p style=\"text-align: justify;\"><\/p><\/div><\/div><\/td><td class=\"column-2\"><\/td>\n<\/tr>\n<\/tbody>\n<\/table>\n<!-- #tablepress-2 from cache -->\n","protected":false},"excerpt":{"rendered":"","protected":false},"author":65,"featured_media":0,"parent":0,"menu_order":0,"comment_status":"closed","ping_status":"closed","template":"","meta":{"spay_email":"","footnotes":""},"class_list":["post-1337","page","type-page","status-publish","hentry"],"_links":{"self":[{"href":"https:\/\/geolinterm.com.br\/segel\/index.php?rest_route=\/wp\/v2\/pages\/1337","targetHints":{"allow":["GET"]}}],"collection":[{"href":"https:\/\/geolinterm.com.br\/segel\/index.php?rest_route=\/wp\/v2\/pages"}],"about":[{"href":"https:\/\/geolinterm.com.br\/segel\/index.php?rest_route=\/wp\/v2\/types\/page"}],"author":[{"embeddable":true,"href":"https:\/\/geolinterm.com.br\/segel\/index.php?rest_route=\/wp\/v2\/users\/65"}],"replies":[{"embeddable":true,"href":"https:\/\/geolinterm.com.br\/segel\/index.php?rest_route=%2Fwp%2Fv2%2Fcomments&post=1337"}],"version-history":[{"count":15,"href":"https:\/\/geolinterm.com.br\/segel\/index.php?rest_route=\/wp\/v2\/pages\/1337\/revisions"}],"predecessor-version":[{"id":1997,"href":"https:\/\/geolinterm.com.br\/segel\/index.php?rest_route=\/wp\/v2\/pages\/1337\/revisions\/1997"}],"wp:attachment":[{"href":"https:\/\/geolinterm.com.br\/segel\/index.php?rest_route=%2Fwp%2Fv2%2Fmedia&parent=1337"}],"curies":[{"name":"wp","href":"https:\/\/api.w.org\/{rel}","templated":true}]}}