{"id":1502,"date":"2019-02-15T00:01:03","date_gmt":"2019-02-15T00:01:03","guid":{"rendered":"http:\/\/geolinterm.com.br\/segel\/?page_id=1502"},"modified":"2019-10-22T19:10:31","modified_gmt":"2019-10-22T19:10:31","slug":"1502-2","status":"publish","type":"page","link":"https:\/\/geolinterm.com.br\/segel\/?page_id=1502","title":{"rendered":""},"content":{"rendered":"\n<h3 class=\"wp-block-heading\">Inscri\u00e7\u00f5es pelo site encerradas<\/h3>\n\n\n\n<p><\/p>\n\n\n\n<p style=\"text-align:left\">Banco: Banco do Brasil<\/p>\n\n\n\n<p style=\"text-align:left\">Ag\u00eancia: 3702-8<\/p>\n\n\n\n<p style=\"text-align:left\">Conta corrente: 76831-6<\/p>\n\n\n\n<p style=\"text-align:left\">VII SERGEL ALCIDES<\/p>\n\n\n\n<p style=\"text-align:center\">Enviar comprovante de deposito pelo e-mail: segelufpa@gmail.com<\/p>\n","protected":false},"excerpt":{"rendered":"<p>Inscri\u00e7\u00f5es pelo site encerradas Banco: Banco do Brasil Ag\u00eancia: 3702-8 Conta corrente: 76831-6 VII SERGEL ALCIDES Enviar comprovante de deposito pelo e-mail: segelufpa@gmail.com<\/p>\n","protected":false},"author":65,"featured_media":0,"parent":0,"menu_order":0,"comment_status":"closed","ping_status":"closed","template":"","meta":{"spay_email":"","footnotes":""},"class_list":["post-1502","page","type-page","status-publish","hentry"],"_links":{"self":[{"href":"https:\/\/geolinterm.com.br\/segel\/index.php?rest_route=\/wp\/v2\/pages\/1502","targetHints":{"allow":["GET"]}}],"collection":[{"href":"https:\/\/geolinterm.com.br\/segel\/index.php?rest_route=\/wp\/v2\/pages"}],"about":[{"href":"https:\/\/geolinterm.com.br\/segel\/index.php?rest_route=\/wp\/v2\/types\/page"}],"author":[{"embeddable":true,"href":"https:\/\/geolinterm.com.br\/segel\/index.php?rest_route=\/wp\/v2\/users\/65"}],"replies":[{"embeddable":true,"href":"https:\/\/geolinterm.com.br\/segel\/index.php?rest_route=%2Fwp%2Fv2%2Fcomments&post=1502"}],"version-history":[{"count":11,"href":"https:\/\/geolinterm.com.br\/segel\/index.php?rest_route=\/wp\/v2\/pages\/1502\/revisions"}],"predecessor-version":[{"id":2413,"href":"https:\/\/geolinterm.com.br\/segel\/index.php?rest_route=\/wp\/v2\/pages\/1502\/revisions\/2413"}],"wp:attachment":[{"href":"https:\/\/geolinterm.com.br\/segel\/index.php?rest_route=%2Fwp%2Fv2%2Fmedia&parent=1502"}],"curies":[{"name":"wp","href":"https:\/\/api.w.org\/{rel}","templated":true}]}}