{"id":1564,"date":"2019-02-18T11:23:29","date_gmt":"2019-02-18T11:23:29","guid":{"rendered":"http:\/\/geolinterm.com.br\/segel\/?page_id=1564"},"modified":"2019-10-22T19:06:32","modified_gmt":"2019-10-22T19:06:32","slug":"1564-2","status":"publish","type":"page","link":"https:\/\/geolinterm.com.br\/segel\/?page_id=1564","title":{"rendered":""},"content":{"rendered":"\n<table>\n<tbody>\n\t<tr>\n\t\t<td style=\" background-color: #04b45f;\" colspan=\"2\">\n\t\t<h3 style=\"text-align: center;\"><span style=\"color: #000000;\"><strong>PRAZOS\t<\/strong><\/span><\/h3>\n\t<\/td>\n\t<\/tr>\n\t<tr>\n\t\t<td style=\"width: 389px;\">\n\t\t<strong><h5>Inscri&ccedil;&atilde;o Ouvinte<\/h5><\/strong>\n\t\t<\/td>\n<td style=\"width: 161px;\">\n<h5> de 15\/02 a 23\/10<\/h5>\n<\/td>\n<\/tr>\n\n<tr>\n<td style=\"width: 389px;\">\n<strong><h5>Pagamento Comunica\u00e7\u00e3o individual<\/h5><\/strong>\n<\/td>\n<td style=\"width: 161px;\">\n<h5> At\u00e9 10\/10<\/h5>\n<\/td>\n<\/tr>\n<tr>\n<td style=\"width: 389px;\">\n<strong><h5>Pagamento Minicurso<\/h5><\/strong>\n<\/td>\n<td style=\"width: 161px;\">\n<h5> At\u00e9 15\/10<\/h5>\n<\/td>\n<\/tr>\n<tr>\n<td style=\"width: 389px;\">\n<strong><h5>Pagamento Ouvinte<\/h5><\/strong>\n<\/td>\n<td style=\"width: 161px;\">\n<h5> At\u00e9 23\/10<\/h5>\n<\/td>\n<\/tr>\n<tr>\n<td style=\"width: 389px;\">\n<strong><h5>Inscri&ccedil;&atilde;o Ouvinte<\/h5><\/strong>\n<\/td>\n<td style=\"width: 161px;\">\n<h5> de 15\/02 a 22\/10<\/h5>\n<\/td>\n<\/tr>\n<tr>\n<td>\nSubmiss&atilde;o de propostas &#8211; &nbsp;Mesa-redonda\n<\/td>\n<td >\n<span style=\"color:rgb(254, 0, 0)\">de 15\/02 a 22\/09<\/span><br> <span style=\"color:rgb(254, 0, 0)\">(Encerrado)<\/span>\n<\/td>\n<\/tr>\n<tr>\n<td style=\"width: 389px;\">\nSubmiss&atilde;o de propostas &ndash; Simp&oacute;sio Tem&aacute;tico\n<\/td>\n<td style=\"width: 161px;\">\n<strike> de 15\/02 a 15\/03<\/strike><br>\n<strike>de 15\/03 a 15\/04<\/strike><br>\n<span style=\"color:rgb(254, 0, 0)\">de 15\/03 a 28\/04<\/span><br> <span style=\"color:rgb(254, 0, 0)\">(Encerrado)<\/span>\n<\/td>\n<\/tr>\n<tr>\n<td style=\"width: 389px;\">\n<p>Submiss&atilde;o de propostas &#8211; Minicurso<\/p>\n\n<\/td>\n<td style=\"width: 161px;\">\n<strike> de 15\/02 a 15\/03<\/strike><br>\n<strike>de 15\/03 a 15\/04<\/strike><br>\n<span style=\"color:rgb(254, 0, 0)\">de 15\/03 a 28\/04<\/span><br> <span style=\"color:rgb(254, 0, 0)\">(Encerrado)<\/span>\n<\/td>\n<\/tr>\n\n\n<tr>\n<td style=\"width: 389px;\">\n<p>Avalia&ccedil;&atilde;o das propostas &#8211; Simp&oacute;sio Tem&aacute;tico e Minicurso\/Prazo para pagamento da inscri\u00e7\u00e3o nessas modalidades\n<\/td>\n<td style=\"width: 161px;\">\n <strike>de 15\/02 a 18\/03<\/strike><br>\n<Strike>de 15\/03 a 18\/04<\/Strike><br>\n<span style=\"color:rgb(254, 0, 0)\">de 15\/03 a 28\/04<\/span><br> <span style=\"color:rgb(254, 0, 0)\">(Encerrado)<\/span>\n<\/td>\n<\/tr>\n\n<tr>\n<td style=\"width: 389px;\">\n<p>Submiss&atilde;o de propostas &#8211; Comunica&ccedil;&atilde;o Individual<\/p>\n<\/td>\n<td style=\"width: 161px;\">\n<strike>de 19\/03 a 22\/09<\/strike><br>\n<strike>de 19\/04 a 22\/09<\/strike><br>\n<span style=\"color:rgb(254, 0, 0)\">de 06\/05 a 22\/09<\/span><br> <span style=\"color:rgb(254, 0, 0)\">(Encerrado)<\/span>\n<\/td>\n<\/tr>\n\n<tr>\n<td style=\"width: 389px;\">\n<p>Submiss&atilde;o de propostas &#8211; Painel<\/p>\n<\/td>\n<td style=\"width: 161px;\">\n<strike>de 19\/03 a 22\/09<\/strike><br>\n<strike>de 19\/04 a 22\/09<\/strike><br>\n<span style=\"color:rgb(254, 0, 0)\">de 06\/05 a 22\/09<\/span><br> <span style=\"color:rgb(254, 0, 0)\">(Encerrado)<\/span>\n<\/td>\n<\/tr>\n\n\n<\/tbody>\n<\/table>\n\n\n\n<p><\/p>\n","protected":false},"excerpt":{"rendered":"<p>PRAZOS Inscri&ccedil;&atilde;o Ouvinte de 15\/02 a 23\/10 Pagamento Comunica\u00e7\u00e3o individual At\u00e9 10\/10 Pagamento Minicurso At\u00e9 15\/10 Pagamento Ouvinte At\u00e9 23\/10 Inscri&ccedil;&atilde;o Ouvinte de 15\/02 a 22\/10 Submiss&atilde;o de propostas &#8211; &nbsp;Mesa-redonda de 15\/02 a 22\/09 (Encerrado) Submiss&atilde;o de propostas &ndash; Simp&oacute;sio Tem&aacute;tico de 15\/02 a 15\/03 de 15\/03 a 15\/04 de 15\/03 a 28\/04 (Encerrado) &hellip; <a href=\"https:\/\/geolinterm.com.br\/segel\/?page_id=1564\" class=\"more-link\">Continue lendo <span class=\"screen-reader-text\"><\/span> <span class=\"meta-nav\">&rarr;<\/span><\/a><\/p>\n","protected":false},"author":65,"featured_media":0,"parent":0,"menu_order":0,"comment_status":"closed","ping_status":"closed","template":"","meta":{"spay_email":"","footnotes":""},"class_list":["post-1564","page","type-page","status-publish","hentry"],"_links":{"self":[{"href":"https:\/\/geolinterm.com.br\/segel\/index.php?rest_route=\/wp\/v2\/pages\/1564","targetHints":{"allow":["GET"]}}],"collection":[{"href":"https:\/\/geolinterm.com.br\/segel\/index.php?rest_route=\/wp\/v2\/pages"}],"about":[{"href":"https:\/\/geolinterm.com.br\/segel\/index.php?rest_route=\/wp\/v2\/types\/page"}],"author":[{"embeddable":true,"href":"https:\/\/geolinterm.com.br\/segel\/index.php?rest_route=\/wp\/v2\/users\/65"}],"replies":[{"embeddable":true,"href":"https:\/\/geolinterm.com.br\/segel\/index.php?rest_route=%2Fwp%2Fv2%2Fcomments&post=1564"}],"version-history":[{"count":15,"href":"https:\/\/geolinterm.com.br\/segel\/index.php?rest_route=\/wp\/v2\/pages\/1564\/revisions"}],"predecessor-version":[{"id":2411,"href":"https:\/\/geolinterm.com.br\/segel\/index.php?rest_route=\/wp\/v2\/pages\/1564\/revisions\/2411"}],"wp:attachment":[{"href":"https:\/\/geolinterm.com.br\/segel\/index.php?rest_route=%2Fwp%2Fv2%2Fmedia&parent=1564"}],"curies":[{"name":"wp","href":"https:\/\/api.w.org\/{rel}","templated":true}]}}