{"id":2316,"date":"2019-10-07T19:08:26","date_gmt":"2019-10-07T19:08:26","guid":{"rendered":"http:\/\/geolinterm.com.br\/segel\/?page_id=2316"},"modified":"2019-10-22T18:52:51","modified_gmt":"2019-10-22T18:52:51","slug":"2316-2","status":"publish","type":"page","link":"https:\/\/geolinterm.com.br\/segel\/?page_id=2316","title":{"rendered":""},"content":{"rendered":"\n<h2 class=\"wp-block-heading\">Lan\u00e7amentos<\/h2>\n\n\n\n<h3 class=\"wp-block-heading\">Estudos Lingu\u00edsticos na Amaz\u00f4nia<\/h3>\n\n\n\n<figure class=\"wp-block-image\"><img loading=\"lazy\" decoding=\"async\" width=\"1024\" height=\"516\" src=\"https:\/\/geolinterm.com.br\/segel\/wp-content\/uploads\/2019\/10\/capa-ama-1-1024x516.jpg\" alt=\"\" class=\"wp-image-2305\" srcset=\"https:\/\/geolinterm.com.br\/segel\/wp-content\/uploads\/2019\/10\/capa-ama-1-1024x516.jpg 1024w, https:\/\/geolinterm.com.br\/segel\/wp-content\/uploads\/2019\/10\/capa-ama-1-300x151.jpg 300w, https:\/\/geolinterm.com.br\/segel\/wp-content\/uploads\/2019\/10\/capa-ama-1-768x387.jpg 768w, https:\/\/geolinterm.com.br\/segel\/wp-content\/uploads\/2019\/10\/capa-ama-1.jpg 2000w\" sizes=\"auto, (max-width: 1024px) 100vw, 1024px\" \/><\/figure>\n\n\n\n<p>Organizadores: Edna dos Santos Oliveira, Eduardo Alves Vasconcelos e Rom\u00e1rio Duarte Sanches<\/p>\n\n\n\n<h3 class=\"wp-block-heading\">Pesquisa lingu\u00edstica na Amaz\u00f4nia Brasileira:forma\u00e7\u00e3o<\/h3>\n\n\n\n<figure class=\"wp-block-image\"><img loading=\"lazy\" decoding=\"async\" width=\"1024\" height=\"516\" src=\"https:\/\/geolinterm.com.br\/segel\/wp-content\/uploads\/2019\/10\/capa-pesq-1-1024x516.jpg\" alt=\"\" class=\"wp-image-2306\" srcset=\"https:\/\/geolinterm.com.br\/segel\/wp-content\/uploads\/2019\/10\/capa-pesq-1-1024x516.jpg 1024w, https:\/\/geolinterm.com.br\/segel\/wp-content\/uploads\/2019\/10\/capa-pesq-1-300x151.jpg 300w, https:\/\/geolinterm.com.br\/segel\/wp-content\/uploads\/2019\/10\/capa-pesq-1-768x387.jpg 768w, https:\/\/geolinterm.com.br\/segel\/wp-content\/uploads\/2019\/10\/capa-pesq-1.jpg 2000w\" sizes=\"auto, (max-width: 1024px) 100vw, 1024px\" \/><\/figure>\n\n\n\n<p>Organizadoras: Leandra Ines segranfredoSantos e Neusa In\u00eas Philippsen<\/p>\n\n\n\n<h3 class=\"wp-block-heading\">G\u00eaneros discursivos: Caminhos para leitura e escrita no ensino fundamental<\/h3>\n\n\n\n<div class=\"wp-block-image\"><figure class=\"aligncenter is-resized\"><img loading=\"lazy\" decoding=\"async\" src=\"https:\/\/geolinterm.com.br\/segel\/wp-content\/uploads\/2019\/10\/generos-discursivos-691x1024.jpg\" alt=\"\" class=\"wp-image-2365\" width=\"256\" height=\"379\" srcset=\"https:\/\/geolinterm.com.br\/segel\/wp-content\/uploads\/2019\/10\/generos-discursivos-691x1024.jpg 691w, https:\/\/geolinterm.com.br\/segel\/wp-content\/uploads\/2019\/10\/generos-discursivos-203x300.jpg 203w, https:\/\/geolinterm.com.br\/segel\/wp-content\/uploads\/2019\/10\/generos-discursivos-768x1138.jpg 768w, https:\/\/geolinterm.com.br\/segel\/wp-content\/uploads\/2019\/10\/generos-discursivos.jpg 864w\" sizes=\"auto, (max-width: 256px) 100vw, 256px\" \/><\/figure><\/div>\n\n\n\n<p>Organizadores: M\u00e1rcia Cristina Greco Ohuschi, Ang\u00e9lita dos Santos Concei\u00e7\u00e3o Silva e Jo\u00e3o Batista Po\u00e7a da Silva<\/p>\n\n\n\n<h3 class=\"wp-block-heading\">Tudo \u00e9 diverso no universo<\/h3>\n\n\n\n<figure class=\"wp-block-image\"><img loading=\"lazy\" decoding=\"async\" width=\"1024\" height=\"505\" src=\"https:\/\/geolinterm.com.br\/segel\/wp-content\/uploads\/2019\/10\/tudo-1024x505.jpg\" alt=\"\" class=\"wp-image-2367\" srcset=\"https:\/\/geolinterm.com.br\/segel\/wp-content\/uploads\/2019\/10\/tudo-1024x505.jpg 1024w, https:\/\/geolinterm.com.br\/segel\/wp-content\/uploads\/2019\/10\/tudo-300x148.jpg 300w, https:\/\/geolinterm.com.br\/segel\/wp-content\/uploads\/2019\/10\/tudo-768x379.jpg 768w, https:\/\/geolinterm.com.br\/segel\/wp-content\/uploads\/2019\/10\/tudo.jpg 1673w\" sizes=\"auto, (max-width: 1024px) 100vw, 1024px\" \/><\/figure>\n\n\n\n<p>Autora: Marcela Moura Torres Paim<\/p>\n","protected":false},"excerpt":{"rendered":"<p>Lan\u00e7amentos Estudos Lingu\u00edsticos na Amaz\u00f4nia Organizadores: Edna dos Santos Oliveira, Eduardo Alves Vasconcelos e Rom\u00e1rio Duarte Sanches Pesquisa lingu\u00edstica na Amaz\u00f4nia Brasileira:forma\u00e7\u00e3o Organizadoras: Leandra Ines segranfredoSantos e Neusa In\u00eas Philippsen G\u00eaneros discursivos: Caminhos para leitura e escrita no ensino fundamental Organizadores: M\u00e1rcia Cristina Greco Ohuschi, Ang\u00e9lita dos Santos Concei\u00e7\u00e3o Silva e Jo\u00e3o Batista Po\u00e7a da &hellip; <a href=\"https:\/\/geolinterm.com.br\/segel\/?page_id=2316\" class=\"more-link\">Continue lendo <span class=\"screen-reader-text\"><\/span> <span class=\"meta-nav\">&rarr;<\/span><\/a><\/p>\n","protected":false},"author":65,"featured_media":0,"parent":0,"menu_order":0,"comment_status":"closed","ping_status":"closed","template":"","meta":{"spay_email":"","footnotes":""},"class_list":["post-2316","page","type-page","status-publish","hentry"],"_links":{"self":[{"href":"https:\/\/geolinterm.com.br\/segel\/index.php?rest_route=\/wp\/v2\/pages\/2316","targetHints":{"allow":["GET"]}}],"collection":[{"href":"https:\/\/geolinterm.com.br\/segel\/index.php?rest_route=\/wp\/v2\/pages"}],"about":[{"href":"https:\/\/geolinterm.com.br\/segel\/index.php?rest_route=\/wp\/v2\/types\/page"}],"author":[{"embeddable":true,"href":"https:\/\/geolinterm.com.br\/segel\/index.php?rest_route=\/wp\/v2\/users\/65"}],"replies":[{"embeddable":true,"href":"https:\/\/geolinterm.com.br\/segel\/index.php?rest_route=%2Fwp%2Fv2%2Fcomments&post=2316"}],"version-history":[{"count":3,"href":"https:\/\/geolinterm.com.br\/segel\/index.php?rest_route=\/wp\/v2\/pages\/2316\/revisions"}],"predecessor-version":[{"id":2409,"href":"https:\/\/geolinterm.com.br\/segel\/index.php?rest_route=\/wp\/v2\/pages\/2316\/revisions\/2409"}],"wp:attachment":[{"href":"https:\/\/geolinterm.com.br\/segel\/index.php?rest_route=%2Fwp%2Fv2%2Fmedia&parent=2316"}],"curies":[{"name":"wp","href":"https:\/\/api.w.org\/{rel}","templated":true}]}}