{"id":302,"date":"2015-05-08T16:09:50","date_gmt":"2015-05-08T16:09:50","guid":{"rendered":"http:\/\/geolinterm.com.br\/sergel\/?page_id=302"},"modified":"2017-11-21T02:31:57","modified_gmt":"2017-11-21T02:31:57","slug":"organizacao-do-evento","status":"publish","type":"page","link":"https:\/\/geolinterm.com.br\/segel\/?page_id=302","title":{"rendered":"Organiza\u00e7\u00e3o do evento"},"content":{"rendered":"<p>&nbsp;<\/p>\n<p style=\"text-align: center; font-size: 16px; background: green; color: white; font-weight: bolder; padding: 10px;\">COORDENA\u00c7\u00c3O GERAL<\/p>\n<p style=\"text-align: center;\">Abdelhak Razky(Presidente)<\/p>\n<p style=\"text-align: center;\">Marilucia Barros de Oliveira<\/p>\n<p style=\"text-align: center;\">Alcides Fernandes de Lima<\/p>\n<p style=\"text-align: center; font-size: 16px; background: green; color: white; font-weight: bolder; padding: 10px;\">COMISS\u00c3O ORGANIZADORA<\/p>\n<p align=\"center\">Carlene Ferreira N. Salvador<\/p>\n<p align=\"center\">Celiane Costa<\/p>\n<p align=\"center\">Eliane Oliveira da Costa<\/p>\n<p align=\"center\">Fl\u00e1via Helena da Silva Paz<\/p>\n<p align=\"center\">Regis da Cunha Guedes<\/p>\n<p align=\"center\">Rejane Umbelina Oliveira<\/p>\n<p align=\"center\">Rom\u00e1rio Duarte Sanches<\/p>\n<p style=\"text-align: center; font-size: 16px; background: green; color: white; font-weight: bolder; padding: 10px;\">COMISS\u00c3O CIENT\u00cdFICA<\/p>\n<p style=\"text-align: center;\">Prof. Dr. Abdelhak Razky (UFPA)<\/p>\n<p style=\"text-align: center;\">Prof. Dr. Alcides Fernandes de Lima (UFPA)<\/p>\n<p style=\"text-align: center;\">Prof\u00aa. Dr\u00aa. Ana Paula Brand\u00e3o\u00a0(UFPA)<\/p>\n<p style=\"text-align: center;\">Prof\u00aa. Dr\u00aa. Ana Suely Arruda C\u00e2mara Cabral (UNB)<\/p>\n<p style=\"text-align: center;\">Prof\u00aa. Dr\u00aa. Concei\u00e7\u00e3o de Maria de Ara\u00fajo Ramos (UFMA)<\/p>\n<p style=\"text-align: center;\">Prof\u00aa. Dr\u00aa. Ediene Pene Ferreira (UFOPA)<\/p>\n<p style=\"text-align: center;\">Prof\u00aa. Dr\u00aa. Eliete de Jesus Bararu\u00e1 Solano (UEPA)<\/p>\n<p style=\"text-align: center;\">Prof\u00aa. Dr\u00aa. Gessiane Pican\u00e7o (UFPA)<\/p>\n<p style=\"text-align: center;\">Prof. Dr. Jos\u00e9 de Ribamar Mendes Bezerra (UFMA)<\/p>\n<p style=\"text-align: center;\">Prof\u00aa. Dr\u00aa. Maria Risoleta Silva Juli\u00e3o (UFPA)<\/p>\n<p style=\"text-align: center;\">Prof\u00aa. Dr\u00aa. Maril\u00facia Barros de Oliveira (UFPA)<\/p>\n<p style=\"text-align: center;\">Prof\u00aa. Dr\u00aa. Maria Lu\u00edsa Ort\u00edz-Alvarez \u00a0(UNB)<\/p>\n<p style=\"text-align: center;\">Prof\u00aa. Dr\u00aa. Regina Celia Fernandes Cruz (UFPA)<\/p>\n<p style=\"text-align: center;\">Prof. Dr. Valter Pereira Romano (UFLA)<\/p>\n<p style=\"text-align: center; font-size: 16px; background: green; color: white; font-weight: bolder; padding: 10px;\">COMISS\u00c3O DE APOIO<\/p>\n<p align=\"center\">Simone Negr\u00e3o de Freitas<\/p>\n<p align=\"center\">\u00a0Izabel Maria Silva<\/p>\n<p align=\"center\">Alessandra Martins<\/p>\n<p align=\"center\">Anne Caroline Pamplona<\/p>\n<p align=\"center\">Helen Coelho Costa<\/p>\n<p align=\"center\">\u00a0Maria Doraci Guedes<\/p>\n<p align=\"center\">Maria Ivanete de Santana Felix<\/p>\n<p align=\"center\">Amanda Costa de Carvalho<\/p>\n<p align=\"center\">Davi Pereira de Souza<\/p>\n<p align=\"center\">F\u00e1bio Luidy de Oliveira Alves<\/p>\n<p align=\"center\">Stella Trindade Moreira<\/p>\n<p align=\"center\">Amanda Carolyne Pinheiro Silva<\/p>\n<p align=\"center\">Ana Paula Tavares Magno<\/p>\n<p align=\"center\">Diego Coimbra dos Santos<\/p>\n<p align=\"center\">Rodolfo Rodrigues da Cruz<\/p>\n<p align=\"center\">Rodrigo Castro Rodrigues<\/p>\n<p align=\"center\">Laura Gerlyne Pires Mello<\/p>\n<p style=\"text-align: center; font-size: 16px; background: green; color: white; font-weight: bolder; padding: 10px;\">REALIZA\u00c7\u00c3O<\/p>\n<p style=\"text-align: center;\"><span style=\"font-size: 18px;\">PROJETO <span style=\"font-size: 20px;\">G<\/span>EO<span style=\"font-size: 20px;\">L<\/span>IN<span style=\"font-size: 20px;\">T<\/span>ERM<\/span><\/p>\n<p style=\"text-align: center;\"><span style=\"font-size: 18px;\"><img decoding=\"async\" style=\"width: 260px; height: 85px;\" src=\"http:\/\/geolinterm.com.br\/sergel\/wp-content\/uploads\/2015\/04\/GeoLinTerm_Oficial_Loguinho_JGP.jpg\" alt=\"\" \/><\/span><\/p>\n<p style=\"text-align: center; font-size: 16px; background: green; color: white; font-weight: bolder; padding: 10px;\">APOIO<\/p>\n<p>&nbsp;<\/p>\n<p><a href=\"http:\/\/geolinterm.com.br\/sergel\/wp-content\/uploads\/2015\/05\/logo.jpg\"><img loading=\"lazy\" decoding=\"async\" class=\"aligncenter wp-image-1134 size-full\" src=\"http:\/\/geolinterm.com.br\/sergel\/wp-content\/uploads\/2015\/05\/logo.jpg\" alt=\"\" width=\"221\" height=\"94\" \/><\/a><\/p>\n<p><a href=\"http:\/\/geolinterm.com.br\/sergel\/wp-content\/uploads\/2015\/05\/LOGO-aedi.png\"><img loading=\"lazy\" decoding=\"async\" class=\"size-medium wp-image-1153 aligncenter\" src=\"http:\/\/geolinterm.com.br\/sergel\/wp-content\/uploads\/2015\/05\/LOGO-aedi-300x143.png\" alt=\"\" width=\"300\" height=\"143\" srcset=\"https:\/\/geolinterm.com.br\/segel\/wp-content\/uploads\/2015\/05\/LOGO-aedi-300x143.png 300w, https:\/\/geolinterm.com.br\/segel\/wp-content\/uploads\/2015\/05\/LOGO-aedi.png 325w\" sizes=\"auto, (max-width: 300px) 100vw, 300px\" \/><\/a><\/p>\n<p>&nbsp;<\/p>\n<p><a href=\"http:\/\/geolinterm.com.br\/sergel\/wp-content\/uploads\/2015\/05\/LOGO-CNPq_transparente.png\"><img loading=\"lazy\" decoding=\"async\" class=\"aligncenter wp-image-1154 size-medium\" src=\"http:\/\/geolinterm.com.br\/sergel\/wp-content\/uploads\/2015\/05\/LOGO-CNPq_transparente-300x128.png\" alt=\"\" width=\"300\" height=\"128\" srcset=\"https:\/\/geolinterm.com.br\/segel\/wp-content\/uploads\/2015\/05\/LOGO-CNPq_transparente-300x128.png 300w, https:\/\/geolinterm.com.br\/segel\/wp-content\/uploads\/2015\/05\/LOGO-CNPq_transparente-768x329.png 768w, https:\/\/geolinterm.com.br\/segel\/wp-content\/uploads\/2015\/05\/LOGO-CNPq_transparente.png 881w\" sizes=\"auto, (max-width: 300px) 100vw, 300px\" \/><\/a><\/p>\n<p>&nbsp;<\/p>\n<p><a href=\"http:\/\/geolinterm.com.br\/sergel\/wp-content\/uploads\/2015\/05\/LOGO-propesp.jpg\"><img loading=\"lazy\" decoding=\"async\" class=\"aligncenter wp-image-1155 size-medium\" src=\"http:\/\/geolinterm.com.br\/sergel\/wp-content\/uploads\/2015\/05\/LOGO-propesp-300x102.jpg\" alt=\"\" width=\"300\" height=\"102\" srcset=\"https:\/\/geolinterm.com.br\/segel\/wp-content\/uploads\/2015\/05\/LOGO-propesp-300x102.jpg 300w, https:\/\/geolinterm.com.br\/segel\/wp-content\/uploads\/2015\/05\/LOGO-propesp.jpg 385w\" sizes=\"auto, (max-width: 300px) 100vw, 300px\" \/><\/a> <a href=\"http:\/\/geolinterm.com.br\/sergel\/wp-content\/uploads\/2015\/05\/LOGO_PPGL4.jpg\"><img loading=\"lazy\" decoding=\"async\" class=\"aligncenter wp-image-1156 size-full\" src=\"http:\/\/geolinterm.com.br\/sergel\/wp-content\/uploads\/2015\/05\/LOGO_PPGL4.jpg\" alt=\"\" width=\"267\" height=\"200\" \/><\/a><a href=\"http:\/\/geolinterm.com.br\/sergel\/wp-content\/uploads\/2015\/05\/curso-livres.png\"><img loading=\"lazy\" decoding=\"async\" class=\"size-medium wp-image-1159 aligncenter\" src=\"http:\/\/geolinterm.com.br\/sergel\/wp-content\/uploads\/2015\/05\/curso-livres-300x140.png\" alt=\"\" width=\"300\" height=\"140\" srcset=\"https:\/\/geolinterm.com.br\/segel\/wp-content\/uploads\/2015\/05\/curso-livres-300x140.png 300w, https:\/\/geolinterm.com.br\/segel\/wp-content\/uploads\/2015\/05\/curso-livres.png 396w\" sizes=\"auto, (max-width: 300px) 100vw, 300px\" \/><\/a><\/p>\n<p><a href=\"http:\/\/geolinterm.com.br\/sergel\/wp-content\/uploads\/2015\/05\/ilc.jpg\"><img loading=\"lazy\" decoding=\"async\" class=\"size-medium wp-image-1162 aligncenter\" src=\"http:\/\/geolinterm.com.br\/sergel\/wp-content\/uploads\/2015\/05\/ilc-300x150.jpg\" alt=\"\" width=\"300\" height=\"150\" \/><\/a><\/p>\n<p><a href=\"http:\/\/geolinterm.com.br\/sergel\/wp-content\/uploads\/2015\/05\/UFPA-logo-190126E206-seeklogo.com_.png\"><img loading=\"lazy\" decoding=\"async\" class=\" wp-image-1164 aligncenter\" src=\"http:\/\/geolinterm.com.br\/sergel\/wp-content\/uploads\/2015\/05\/UFPA-logo-190126E206-seeklogo.com_-274x300.png\" alt=\"\" width=\"194\" height=\"213\" \/><\/a><\/p>\n","protected":false},"excerpt":{"rendered":"<p>&nbsp; COORDENA\u00c7\u00c3O GERAL Abdelhak Razky(Presidente) Marilucia Barros de Oliveira Alcides Fernandes de Lima COMISS\u00c3O ORGANIZADORA Carlene Ferreira N. Salvador Celiane Costa Eliane Oliveira da Costa Fl\u00e1via Helena da Silva Paz Regis da Cunha Guedes Rejane Umbelina Oliveira Rom\u00e1rio Duarte Sanches COMISS\u00c3O CIENT\u00cdFICA Prof. Dr. Abdelhak Razky (UFPA) Prof. Dr. Alcides Fernandes de Lima (UFPA) Prof\u00aa. &hellip; <a href=\"https:\/\/geolinterm.com.br\/segel\/?page_id=302\" class=\"more-link\">Continue lendo <span class=\"screen-reader-text\">Organiza\u00e7\u00e3o do evento<\/span> <span class=\"meta-nav\">&rarr;<\/span><\/a><\/p>\n","protected":false},"author":2,"featured_media":0,"parent":0,"menu_order":0,"comment_status":"closed","ping_status":"closed","template":"","meta":{"spay_email":"","footnotes":""},"class_list":["post-302","page","type-page","status-publish","hentry"],"_links":{"self":[{"href":"https:\/\/geolinterm.com.br\/segel\/index.php?rest_route=\/wp\/v2\/pages\/302","targetHints":{"allow":["GET"]}}],"collection":[{"href":"https:\/\/geolinterm.com.br\/segel\/index.php?rest_route=\/wp\/v2\/pages"}],"about":[{"href":"https:\/\/geolinterm.com.br\/segel\/index.php?rest_route=\/wp\/v2\/types\/page"}],"author":[{"embeddable":true,"href":"https:\/\/geolinterm.com.br\/segel\/index.php?rest_route=\/wp\/v2\/users\/2"}],"replies":[{"embeddable":true,"href":"https:\/\/geolinterm.com.br\/segel\/index.php?rest_route=%2Fwp%2Fv2%2Fcomments&post=302"}],"version-history":[{"count":35,"href":"https:\/\/geolinterm.com.br\/segel\/index.php?rest_route=\/wp\/v2\/pages\/302\/revisions"}],"predecessor-version":[{"id":1160,"href":"https:\/\/geolinterm.com.br\/segel\/index.php?rest_route=\/wp\/v2\/pages\/302\/revisions\/1160"}],"wp:attachment":[{"href":"https:\/\/geolinterm.com.br\/segel\/index.php?rest_route=%2Fwp%2Fv2%2Fmedia&parent=302"}],"curies":[{"name":"wp","href":"https:\/\/api.w.org\/{rel}","templated":true}]}}