{"id":32,"date":"2015-04-12T19:19:33","date_gmt":"2015-04-12T19:19:33","guid":{"rendered":"http:\/\/geolinterm.com.br\/sergel\/?page_id=32"},"modified":"2015-04-16T00:54:05","modified_gmt":"2015-04-16T00:54:05","slug":"apresentacao-da-edicacao-2015","status":"publish","type":"page","link":"https:\/\/geolinterm.com.br\/segel\/?page_id=32","title":{"rendered":"Apresenta\u00e7\u00e3o da edi\u00e7\u00e3o 2015"},"content":{"rendered":"<p style=\"text-align: justify;\">O Projeto GeoLinTerm, na pessoa do prof. Dr. Abdelhak Razky, sente-se honrado em convid\u00e1-los para participar do VI Semin\u00e1rio Regional de Geossociolingu\u00edstica &#8211; SERGEL 2015, que ser\u00e1 realizado na Universidade Federal do Par\u00e1 (UFPA), na cidade de Bel\u00e9m\/PA, no per\u00edodo de 28 a 30 de outubro de 2015. O SERGEL se configura como um evento de car\u00e1ter regional, mas com importante contribui\u00e7\u00e3o de participantes de todo o Brasil e at\u00e9 do exterior.<\/p>\n<p style=\"text-align: justify;\">Seu objetivo principal \u00e9 integrar pesquisa, ensino e extens\u00e3o, aproximando a gradua\u00e7\u00e3o e a p\u00f3s-gradua\u00e7\u00e3o no Curso de Letras, a fim de contribuir para a ci\u00eancia e educa\u00e7\u00e3o na regi\u00e3o amaz\u00f4nica.\u00a0 Desde a primeira edi\u00e7\u00e3o, o SERGEL conta com o apoio do Programa de P\u00f3s-Gradua\u00e7\u00e3o em Letras (PPGL), do Instituto de Letras e Comunica\u00e7\u00e3o (ILC) e da Pr\u00f3-Reitoria de Pesquisa e P\u00f3s-Gradua\u00e7\u00e3o (PROPESP) da Universidade Federal do Par\u00e1 (UFPA).<\/p>\n<p style=\"text-align: justify;\">Neste ano, o evento tem como tema \u201cPesquisa variacionista, educa\u00e7\u00e3o e inform\u00e1tica: ampliando as fronteiras da forma\u00e7\u00e3o em Letras na Amaz\u00f4nia\u201d. A escolha dessa tem\u00e1tica tem como foco promover um f\u00f3rum ampliado de discuss\u00e3o e divulga\u00e7\u00e3o de pesquisas sobre a diversidade lingu\u00edstica e o ensino de l\u00edngua, pondo em evid\u00eancia a necessidade de dom\u00ednio pelos professores e profissionais da \u00e1rea de letras de ferramentas computacionais que possibilitem uma melhor atua\u00e7\u00e3o, seja na pesquisa, seja em sala de aula.<\/p>\n<p style=\"text-align: justify;\">Portanto, o escopo do evento abriga trabalhos da \u00e1rea de Letras e Educa\u00e7\u00e3o, relacionados \u00e0 pesquisa, ao ensino e \u00e0s novas tecnologias utilizadas ou utiliz\u00e1veis para a melhoria da atua\u00e7\u00e3o dos profissionais dessas \u00e1reas. Nesse sentido, ser\u00e3o bem vindas contribui\u00e7\u00f5es de professores-pesquisadores, professores da educa\u00e7\u00e3o b\u00e1sica e superior, estudantes de gradua\u00e7\u00e3o e de p\u00f3s-gradua\u00e7\u00e3o, gestores e t\u00e9cnicos educacionais e profissionais de atividades afins. O VI SERGEL contar\u00e1 com a realiza\u00e7\u00e3o de palestras, mesas-redondas, minicursos, comunica\u00e7\u00f5es e p\u00f4steres. Acompanhe a atualiza\u00e7\u00e3o das informa\u00e7\u00f5es do evento em: &lt;<a href=\"http:\/\/geolinterm.com.br\/sergel\/\">http:\/\/geolinterm.com.br\/sergel\/<\/a>&gt;.<\/p>\n<p>Comiss\u00e3o Organizadora.<\/p>\n","protected":false},"excerpt":{"rendered":"<p>O Projeto GeoLinTerm, na pessoa do prof. Dr. Abdelhak Razky, sente-se honrado em convid\u00e1-los para participar do VI Semin\u00e1rio Regional de Geossociolingu\u00edstica &#8211; SERGEL 2015, que ser\u00e1 realizado na Universidade Federal do Par\u00e1 (UFPA), na cidade de Bel\u00e9m\/PA, no per\u00edodo de 28 a 30 de outubro de 2015. O SERGEL se configura como um evento &hellip; <a href=\"https:\/\/geolinterm.com.br\/segel\/?page_id=32\" class=\"more-link\">Continue lendo <span class=\"screen-reader-text\">Apresenta\u00e7\u00e3o da edi\u00e7\u00e3o 2015<\/span> <span class=\"meta-nav\">&rarr;<\/span><\/a><\/p>\n","protected":false},"author":1,"featured_media":0,"parent":0,"menu_order":0,"comment_status":"closed","ping_status":"closed","template":"","meta":{"spay_email":"","footnotes":""},"class_list":["post-32","page","type-page","status-publish","hentry"],"_links":{"self":[{"href":"https:\/\/geolinterm.com.br\/segel\/index.php?rest_route=\/wp\/v2\/pages\/32","targetHints":{"allow":["GET"]}}],"collection":[{"href":"https:\/\/geolinterm.com.br\/segel\/index.php?rest_route=\/wp\/v2\/pages"}],"about":[{"href":"https:\/\/geolinterm.com.br\/segel\/index.php?rest_route=\/wp\/v2\/types\/page"}],"author":[{"embeddable":true,"href":"https:\/\/geolinterm.com.br\/segel\/index.php?rest_route=\/wp\/v2\/users\/1"}],"replies":[{"embeddable":true,"href":"https:\/\/geolinterm.com.br\/segel\/index.php?rest_route=%2Fwp%2Fv2%2Fcomments&post=32"}],"version-history":[{"count":2,"href":"https:\/\/geolinterm.com.br\/segel\/index.php?rest_route=\/wp\/v2\/pages\/32\/revisions"}],"predecessor-version":[{"id":91,"href":"https:\/\/geolinterm.com.br\/segel\/index.php?rest_route=\/wp\/v2\/pages\/32\/revisions\/91"}],"wp:attachment":[{"href":"https:\/\/geolinterm.com.br\/segel\/index.php?rest_route=%2Fwp%2Fv2%2Fmedia&parent=32"}],"curies":[{"name":"wp","href":"https:\/\/api.w.org\/{rel}","templated":true}]}}