{"id":682,"date":"2015-11-07T01:04:35","date_gmt":"2015-11-07T01:04:35","guid":{"rendered":"http:\/\/geolinterm.com.br\/sergel\/?page_id=682"},"modified":"2015-11-07T01:09:32","modified_gmt":"2015-11-07T01:09:32","slug":"orientacoes-para-impressao-do-certificado-de-participacao-no-vi-sergel","status":"publish","type":"page","link":"https:\/\/geolinterm.com.br\/segel\/?page_id=682","title":{"rendered":"Orienta\u00e7\u00f5es para impress\u00e3o do certificado de participa\u00e7\u00e3o no VI SERGEL"},"content":{"rendered":"<p style=\"text-align: justify;\"><img decoding=\"async\" class=\"\" style=\"width: 199px; height: 92px; float: left;\" src=\"http:\/\/geolinterm.com.br\/sergel\/wp-content\/uploads\/2015\/08\/Logo_Sergel_Small_png.png\" alt=\"\" \/><\/p>\n<p style=\"text-align: justify;\">O certificado de participa\u00e7\u00e3o no VI SERGEL est\u00e1 disponibilizado digitalmente no site do projeto GeoLinTerm, por meio do endere\u00e7o <strong><a href=\"http:\/\/geolinterm.com.br\/assinatura\">geolinterm.com.br\/assinatura<\/a><\/strong>, os procedimentos para emiss\u00e3o s\u00e3o descritos abaixo:<\/p>\n<p style=\"text-align: justify;\">[linha]\n<p style=\"text-align: justify;\">1) Acesse o endere\u00e7o <strong><a href=\"http:\/\/geolinterm.com.br\/assinatura\">geolinterm.com.br\/assinatura<\/a><\/strong>, a tela apresenta 2 op\u00e7\u00f5es: \u201c1. Emiss\u00e3o de documentos\u201d e \u201c2. Valida\u00e7\u00e3o de documentos\u201d. Escolha a op\u00e7\u00e3o \u201c1. Emiss\u00e3o de documentos\u201d.<\/p>\n<p style=\"text-align: justify;\">[linha]\n<p style=\"text-align: justify;\">2) Para emiss\u00e3o do certificado, primeiramente, \u00e9 necess\u00e1rio saber seu n\u00famero de identifica\u00e7\u00e3o. Ao lado do campo \u201cN\u00famero do documento\u201d, clique no link [solicitar n\u00famero].<\/p>\n<p style=\"text-align: justify;\">[linha]\n<p style=\"text-align: justify;\">3) Uma nova tela se abrir\u00e1, preencha: a) seu nome completo; o e-mail que voc\u00ea forneceu para fazer a inscri\u00e7\u00e3o no VI SERGEl e d) o c\u00f3digo captcha de seguran\u00e7a. Clique na op\u00e7\u00e3o \u201cSolicitar\u201d. Outra tela se abrir\u00e1 trazendo seu nome completo, a modalidade do certificado e seu respectivo n\u00famero de identifica\u00e7\u00e3o. Anote com aten\u00e7\u00e3o o(s) n\u00famero(s). Acesse novamente o endere\u00e7o <strong><a href=\"http:\/\/geolinterm.com.br\/assinatura\">geolinterm.com.br\/assinatura<\/a><\/strong> e escolha a op\u00e7\u00e3o \u201c1. Emiss\u00e3o de documentos\u201d.<\/p>\n<p style=\"text-align: justify;\">[linha]\n<p style=\"text-align: justify;\">4) Digite seu nome completo, n\u00famero do certificado e o c\u00f3digo captcha de seguran\u00e7a. Clique em \u201cEmitir\u201d. Se todos os dados digitados estiverem certos, o certificado ser\u00e1 gerado no formato \u201cpdf\u201d. Por ser um documento gr\u00e1fico, o processo poder\u00e1 demorar um pouco, a sua velocidade de internet tamb\u00e9m poder\u00e1 influenciar. Dependendo da configura\u00e7\u00e3o de seu navegador, ap\u00f3s o download do certificado, o arquivo ser\u00e1 colocado na pasta padr\u00e3o de downloads ou o seu navegador poder\u00e1 abri-lo para visualiza\u00e7\u00e3o imediata.<\/p>\n<p style=\"text-align: justify;\">[linha]\n<p style=\"text-align: justify;\">Cada certificado trar\u00e1 pr\u00f3ximo a margem inferior a mensagem \u201cA autenticidade deste documento poder\u00e1 ser confirmada na p\u00e1gina do Projeto GeoLinTerm, no endere\u00e7o: geolinterm.com.br\/assinatura, por meio do c\u00f3digo XXXXXXXXXXXX. Data de emiss\u00e3o: XX\/XX\/XXXX\u201d. Caso seja necess\u00e1rio verificar a autenticidade do certificado, acesse o endere\u00e7o <strong><a href=\"http:\/\/geolinterm.com.br\/assinatura\">geolinterm.com.br\/assinatura<\/a><\/strong>, escolha a op\u00e7\u00e3o \u201c2. Valida\u00e7\u00e3o de documentos\u201d e use o n\u00famero de identifica\u00e7\u00e3o para checar sua legitimidade.<\/p>\n<p style=\"text-align: justify;\">[linha]\n<p style=\"text-align: justify;\">Se precisar de ajuda, voc\u00ea pode contatar a Comiss\u00e3o Organizadora por meio do e-mail: sergelufpa@gmail.com, ligar para o telefone (91) 3201-8017 ou se dirigir a sala 02 do Projeto GeoLinTerm, cidade Universit\u00e1ria Professor Jos\u00e9 da Silveira Neto, Laborat\u00f3rio de Ci\u00eancias da Linguagem, rua Augusto Correa, n\u00ba 01, bairro Guam\u00e1, &#8211; Bel\u00e9m\/PA. CEP: 66075-900.<\/p>\n","protected":false},"excerpt":{"rendered":"<p>O certificado de participa\u00e7\u00e3o no VI SERGEL est\u00e1 disponibilizado digitalmente no site do projeto GeoLinTerm, por meio do endere\u00e7o geolinterm.com.br\/assinatura, os procedimentos para emiss\u00e3o s\u00e3o descritos abaixo: [linha] 1) Acesse o endere\u00e7o geolinterm.com.br\/assinatura, a tela apresenta 2 op\u00e7\u00f5es: \u201c1. Emiss\u00e3o de documentos\u201d e \u201c2. Valida\u00e7\u00e3o de documentos\u201d. Escolha a op\u00e7\u00e3o \u201c1. Emiss\u00e3o de documentos\u201d. [linha] &hellip; <a href=\"https:\/\/geolinterm.com.br\/segel\/?page_id=682\" class=\"more-link\">Continue lendo <span class=\"screen-reader-text\">Orienta\u00e7\u00f5es para impress\u00e3o do certificado de participa\u00e7\u00e3o no VI SERGEL<\/span> <span class=\"meta-nav\">&rarr;<\/span><\/a><\/p>\n","protected":false},"author":1,"featured_media":0,"parent":0,"menu_order":0,"comment_status":"closed","ping_status":"closed","template":"","meta":{"spay_email":"","footnotes":""},"class_list":["post-682","page","type-page","status-publish","hentry"],"_links":{"self":[{"href":"https:\/\/geolinterm.com.br\/segel\/index.php?rest_route=\/wp\/v2\/pages\/682","targetHints":{"allow":["GET"]}}],"collection":[{"href":"https:\/\/geolinterm.com.br\/segel\/index.php?rest_route=\/wp\/v2\/pages"}],"about":[{"href":"https:\/\/geolinterm.com.br\/segel\/index.php?rest_route=\/wp\/v2\/types\/page"}],"author":[{"embeddable":true,"href":"https:\/\/geolinterm.com.br\/segel\/index.php?rest_route=\/wp\/v2\/users\/1"}],"replies":[{"embeddable":true,"href":"https:\/\/geolinterm.com.br\/segel\/index.php?rest_route=%2Fwp%2Fv2%2Fcomments&post=682"}],"version-history":[{"count":4,"href":"https:\/\/geolinterm.com.br\/segel\/index.php?rest_route=\/wp\/v2\/pages\/682\/revisions"}],"predecessor-version":[{"id":686,"href":"https:\/\/geolinterm.com.br\/segel\/index.php?rest_route=\/wp\/v2\/pages\/682\/revisions\/686"}],"wp:attachment":[{"href":"https:\/\/geolinterm.com.br\/segel\/index.php?rest_route=%2Fwp%2Fv2%2Fmedia&parent=682"}],"curies":[{"name":"wp","href":"https:\/\/api.w.org\/{rel}","templated":true}]}}