{"id":762,"date":"2017-04-27T11:52:47","date_gmt":"2017-04-27T11:52:47","guid":{"rendered":"http:\/\/geolinterm.com.br\/sergel\/?page_id=762"},"modified":"2020-10-01T19:47:08","modified_gmt":"2020-10-01T19:47:08","slug":"edicoes-anteriores","status":"publish","type":"page","link":"https:\/\/geolinterm.com.br\/segel\/?page_id=762","title":{"rendered":"Edi\u00e7\u00f5es anteriores"},"content":{"rendered":"<p>&nbsp;<\/p>\n<p><a href=\"http:\/\/geolinterm.com.br\/segel\/wp-content\/uploads\/2017\/06\/Logo_SERGEL_Jpg-e1429144685277.jpg\"><img loading=\"lazy\" decoding=\"async\" class=\"alignnone size-medium wp-image-962\" src=\"http:\/\/geolinterm.com.br\/segel\/wp-content\/uploads\/2017\/06\/Logo_SERGEL_Jpg-e1429144685277-300x145.jpg\" alt=\"\" width=\"300\" height=\"145\" srcset=\"https:\/\/geolinterm.com.br\/segel\/wp-content\/uploads\/2017\/06\/Logo_SERGEL_Jpg-e1429144685277-300x145.jpg 300w, https:\/\/geolinterm.com.br\/segel\/wp-content\/uploads\/2017\/06\/Logo_SERGEL_Jpg-e1429144685277-768x371.jpg 768w, https:\/\/geolinterm.com.br\/segel\/wp-content\/uploads\/2017\/06\/Logo_SERGEL_Jpg-e1429144685277.jpg 780w\" sizes=\"auto, (max-width: 300px) 100vw, 300px\" \/><\/a><\/p>\n<p>VI SERGEL<\/p>\n<div style=\"position: relative; background: #4c634c; border: 2px ridge white; width: 317px; height: 32px; padding: 5px;\">\n<p style=\"padding: 0px; margin: 0px;\"><a style=\"font-size: 18px; color: white; text-decoration: none; font-weight: bold;\" href=\"http:\/\/geolinterm.com.br\/segel\/?page_id=32\">Apresenta\u00e7\u00e3o<\/a><\/p>\n<\/div>\n<div style=\"position: relative; background: #4c634c; border: 2px ridge white; width: 317px; height: 32px; padding: 5px;\">\n<p style=\"padding: 0px; margin: 0px;\"><a style=\"font-size: 18px; color: white; text-decoration: none; font-weight: bold;\" href=\"http:\/\/geolinterm.com.br\/segel\/?page_id=370\">Programa\u00e7\u00e3o<\/a><\/p>\n<\/div>\n<div style=\"position: relative; background: #4c634c; border: 2px ridge white; width: 317px; height: 32px; padding: 5px;\">\n<p style=\"padding: 0px; margin: 0px;\"><a style=\"font-size: 18px; color: white; text-decoration: none; font-weight: bold;\" href=\"http:\/\/geolinterm.com.br\/segel\/wp-content\/uploads\/2015\/11\/CADERNO-DE-RESUMOS-VI-SERGEL.pdf\">Caderno de resumos<\/a><\/p>\n<\/div>\n<div style=\"position: relative; background: #4c634c; border: 2px ridge white; width: 317px; height: 32px; padding: 5px;\">\n<p style=\"padding: 0px; margin: 0px;\"><a style=\"font-size: 18px; color: white; text-decoration: none; font-weight: bold;\" href=\"http:\/\/geolinterm.com.br\/segel\/?p=830\">Anais do Evento<\/a><\/p>\n<p style=\"padding: 0px; margin: 0px;\">&nbsp;<\/p>\n<\/div>\n<div style=\"position: relative; background: #4c634c; border: 2px ridge white; width: 317px; height: 32px; padding: 5px;\">\n<p style=\"padding: 0px; margin: 0px;\"><a style=\"font-size: 18px; color: white; text-decoration: none; font-weight: bold;\" href=\"http:\/\/geolinterm.com.br\/segel\/?page_id=682\">Certificados<\/a><\/p>\n<\/div>\n<p>VII SERGEL<\/p>\n<div style=\"position: relative; background: #4c634c; border: 2px ridge white; width: 317px; height: 32px; padding: 5px;\">\n<p style=\"padding: 0px; margin: 0px;\"><a style=\"font-size: 18px; color: white; text-decoration: none; font-weight: bold;\" href=\"http:\/\/geolinterm.com.br\/segel\/?page_id=1600\">Ebook<\/a><\/p>\n<p style=\"padding: 0px; margin: 0px;\">&nbsp;<\/p>\n<\/div>\n<div style=\"position: relative; background: #4c634c; border: 2px ridge white; width: 317px; height: 32px; padding: 5px;\">\n<p style=\"padding: 0px; margin: 0px;\"><a style=\"font-size: 18px; color: white; text-decoration: none; font-weight: bold;\" href=\"http:\/\/geolinterm.com.br\/segel\/?page_id=772\">Apresenta\u00e7\u00e3o<\/a><\/p>\n<\/div>\n<div style=\"position: relative; background: #4c634c; border: 2px ridge white; width: 317px; height: 32px; padding: 5px;\">\n<p style=\"padding: 0px; margin: 0px;\"><a style=\"font-size: 18px; color: white; text-decoration: none; font-weight: bold;\" href=\"http:\/\/geolinterm.com.br\/segel\/wp-content\/uploads\/2017\/06\/CARTAZSERGEL-Copy.jpg\">Cartaz do Evento<\/a><\/p>\n<\/div>\n<div style=\"position: relative; background: #4c634c; border: 2px ridge white; width: 317px; height: 32px; padding: 5px;\">\n<p style=\"padding: 0px; margin: 0px;\"><a style=\"font-size: 18px; color: white; text-decoration: none; font-weight: bold;\" href=\"http:\/\/geolinterm.com.br\/segel\/?page_id=905\">Circular<\/a><\/p>\n<\/div>\n<div style=\"position: relative; background: #4c634c; border: 2px ridge white; width: 317px; height: 32px; padding: 5px;\">\n<p style=\"padding: 0px; margin: 0px;\"><a style=\"font-size: 18px; color: white; text-decoration: none; font-weight: bold;\" href=\"http:\/\/geolinterm.com.br\/segel\/?page_id=915\">Convidados<\/a><\/p>\n<\/div>\n<div style=\"position: relative; background: #4c634c; border: 2px ridge white; width: 317px; height: 32px; padding: 5px;\">\n<p style=\"padding: 0px; margin: 0px;\"><a style=\"font-size: 18px; color: white; text-decoration: none; font-weight: bold;\" href=\"http:\/\/geolinterm.com.br\/segel\/?page_id=790\">Programa\u00e7\u00e3o<\/a><\/p>\n<\/div>\n<div style=\"position: relative; background: #4c634c; border: 2px ridge white; width: 317px; height: 32px; padding: 5px;\">\n<p style=\"padding: 0px; margin: 0px;\"><a style=\"font-size: 18px; color: white; text-decoration: none; font-weight: bold;\" href=\"http:\/\/geolinterm.com.br\/segel\/wp-content\/uploads\/2017\/05\/CADERNO-DE-RESUMOS-OFICIAL-21_05_18.pdf\">Caderno de resumos<\/a><\/p>\n<\/div>\n\n<div style=\"position: relative; background: #4c634c; border: 2px ridge white; width: 317px; height: 32px; padding: 5px;\">\n<p style=\"padding: 0px; margin: 0px;\"><a style=\"font-size: 18px; color: white; text-decoration: none; font-weight: bold;\" href=\"http:\/\/geolinterm.com.br\/segel\/?page_id=1025\">Simp\u00f3sios<\/a><\/p>\n<\/div>\n<div style=\"position: relative; background: #4c634c; border: 2px ridge white; width: 317px; height: 32px; padding: 5px;\">\n<p style=\"padding: 0px; margin: 0px;\"><a style=\"font-size: 18px; color: white; text-decoration: none; font-weight: bold;\" href=\"http:\/\/geolinterm.com.br\/segel\/?page_id=1084\">Mesa Redonda<\/a><\/p>\n<\/div>\n<div style=\"position: relative; background: #4c634c; border: 2px ridge white; width: 317px; height: 32px; padding: 5px;\">\n<p style=\"padding: 0px; margin: 0px;\"><a style=\"font-size: 18px; color: white; text-decoration: none; font-weight: bold;\" href=\"http:\/\/geolinterm.com.br\/segel\/?page_id=302\">Organiza\u00e7\u00e3o<\/a><\/p>\n<\/div>\n\n\n<p><\/p>\n","protected":false},"excerpt":{"rendered":"<p>&nbsp; VI SERGEL Apresenta\u00e7\u00e3o Programa\u00e7\u00e3o Caderno de resumos Anais do Evento &nbsp; Certificados VII SERGEL Ebook &nbsp; Apresenta\u00e7\u00e3o Cartaz do Evento Circular Convidados Programa\u00e7\u00e3o Caderno de resumos Simp\u00f3sios Mesa Redonda Organiza\u00e7\u00e3o<\/p>\n","protected":false},"author":65,"featured_media":0,"parent":0,"menu_order":0,"comment_status":"open","ping_status":"open","template":"","meta":{"spay_email":"","footnotes":""},"class_list":["post-762","page","type-page","status-publish","hentry"],"_links":{"self":[{"href":"https:\/\/geolinterm.com.br\/segel\/index.php?rest_route=\/wp\/v2\/pages\/762","targetHints":{"allow":["GET"]}}],"collection":[{"href":"https:\/\/geolinterm.com.br\/segel\/index.php?rest_route=\/wp\/v2\/pages"}],"about":[{"href":"https:\/\/geolinterm.com.br\/segel\/index.php?rest_route=\/wp\/v2\/types\/page"}],"author":[{"embeddable":true,"href":"https:\/\/geolinterm.com.br\/segel\/index.php?rest_route=\/wp\/v2\/users\/65"}],"replies":[{"embeddable":true,"href":"https:\/\/geolinterm.com.br\/segel\/index.php?rest_route=%2Fwp%2Fv2%2Fcomments&post=762"}],"version-history":[{"count":25,"href":"https:\/\/geolinterm.com.br\/segel\/index.php?rest_route=\/wp\/v2\/pages\/762\/revisions"}],"predecessor-version":[{"id":2477,"href":"https:\/\/geolinterm.com.br\/segel\/index.php?rest_route=\/wp\/v2\/pages\/762\/revisions\/2477"}],"wp:attachment":[{"href":"https:\/\/geolinterm.com.br\/segel\/index.php?rest_route=%2Fwp%2Fv2%2Fmedia&parent=762"}],"curies":[{"name":"wp","href":"https:\/\/api.w.org\/{rel}","templated":true}]}}