{"id":830,"date":"2017-06-05T14:02:02","date_gmt":"2017-06-05T14:02:02","guid":{"rendered":"http:\/\/geolinterm.com.br\/sergel\/?page_id=830"},"modified":"2017-06-05T14:02:02","modified_gmt":"2017-06-05T14:02:02","slug":"anais-vi-sergel-2","status":"publish","type":"page","link":"https:\/\/geolinterm.com.br\/segel\/?page_id=830","title":{"rendered":"Anais VI Sergel"},"content":{"rendered":"<p>\u00c9 com grande alegria que publicamos os Anais do VI SERGEL, evento realizado de 28 a 30 de outubro de 2015. A publica\u00e7\u00e3o re\u00fane 17 artigos editados em pdf. Para baix\u00e1-lo, clique\u00a0na imagem.<\/p>\n[gview file=&#8221;http:\/\/geolinterm.com.br\/sergel\/wp-content\/uploads\/2017\/02\/ANAIS-VI-SERGEL.pdf&#8221;]\n","protected":false},"excerpt":{"rendered":"<p>\u00c9 com grande alegria que publicamos os Anais do VI SERGEL, evento realizado de 28 a 30 de outubro de 2015. A publica\u00e7\u00e3o re\u00fane 17 artigos editados em pdf. Para baix\u00e1-lo, clique\u00a0na imagem. [gview file=&#8221;http:\/\/geolinterm.com.br\/sergel\/wp-content\/uploads\/2017\/02\/ANAIS-VI-SERGEL.pdf&#8221;]<\/p>\n","protected":false},"author":65,"featured_media":0,"parent":0,"menu_order":0,"comment_status":"closed","ping_status":"closed","template":"","meta":{"spay_email":"","footnotes":""},"class_list":["post-830","page","type-page","status-publish","hentry"],"_links":{"self":[{"href":"https:\/\/geolinterm.com.br\/segel\/index.php?rest_route=\/wp\/v2\/pages\/830","targetHints":{"allow":["GET"]}}],"collection":[{"href":"https:\/\/geolinterm.com.br\/segel\/index.php?rest_route=\/wp\/v2\/pages"}],"about":[{"href":"https:\/\/geolinterm.com.br\/segel\/index.php?rest_route=\/wp\/v2\/types\/page"}],"author":[{"embeddable":true,"href":"https:\/\/geolinterm.com.br\/segel\/index.php?rest_route=\/wp\/v2\/users\/65"}],"replies":[{"embeddable":true,"href":"https:\/\/geolinterm.com.br\/segel\/index.php?rest_route=%2Fwp%2Fv2%2Fcomments&post=830"}],"version-history":[{"count":1,"href":"https:\/\/geolinterm.com.br\/segel\/index.php?rest_route=\/wp\/v2\/pages\/830\/revisions"}],"predecessor-version":[{"id":831,"href":"https:\/\/geolinterm.com.br\/segel\/index.php?rest_route=\/wp\/v2\/pages\/830\/revisions\/831"}],"wp:attachment":[{"href":"https:\/\/geolinterm.com.br\/segel\/index.php?rest_route=%2Fwp%2Fv2%2Fmedia&parent=830"}],"curies":[{"name":"wp","href":"https:\/\/api.w.org\/{rel}","templated":true}]}}