{"id":841,"date":"2017-06-06T21:50:52","date_gmt":"2017-06-06T21:50:52","guid":{"rendered":"http:\/\/geolinterm.com.br\/sergel\/?page_id=841"},"modified":"2019-02-14T14:29:19","modified_gmt":"2019-02-14T14:29:19","slug":"normas-para-o-resumo","status":"publish","type":"page","link":"https:\/\/geolinterm.com.br\/segel\/?page_id=841","title":{"rendered":""},"content":{"rendered":"<h2><span style=\"color: #000000;\"><strong>Mesa-redonda<\/strong><\/span><\/h2>\n<p style=\"text-align: center;\"><strong>T\u00cdTULO DA MESA-REDONDA EM CAIXA ALTA, TIMES NEW ROMAN, TAMANHO 12<\/strong><\/p>\n<p style=\"text-align: center;\"><strong>EIXO TEM\u00c1TICO NO QUAL SE ENQUADRA A MESA-REDONDA<\/strong><\/p>\n<p style=\"text-align: right;\">Nome dos integrantes da mesa-redonda, seguido da sigla da institui\u00e7\u00e3o a qual pertencem (Especificar qual dos integrantes ser\u00e1 o coordenador).<\/p>\n<p style=\"text-align: justify;\"><strong>Resumo<\/strong>: O resumo da mesa-redonda deve ser escrito em L\u00edngua Portuguesa, em par\u00e1grafo \u00fanico, justificado, com no m\u00e1ximo 300 palavras, utilizando-se fonte <em>Times New Roman<\/em>, tamanho 12, espa\u00e7amento simples. O resumo deve apresentar as informa\u00e7\u00f5es que se fizerem necess\u00e1rias, seguidas de tr\u00eas a cinco palavras-chave, separadas por ponto, que situem os conceitos e a \u00e1rea de estudo aos quais a mesa-redonda vincula-se. Ap\u00f3s a rela\u00e7\u00e3o de palavras-chave, devem ser apresentados, ainda,\u00a0 o t\u00edtulo dos trabalhos que ser\u00e3o apresentados com a identifica\u00e7\u00e3o do nome de seus respectivos autores.<\/p>\n<p><strong>Palavras-chave:\u00a0<\/strong>Exemplo. Exemplo. Exemplo.<\/p>\n<h2><span style=\"color: #000000;\"><strong>Simp\u00f3sio tem\u00e1tico<\/strong><\/span><\/h2>\n<p style=\"text-align: center;\"><strong>T\u00cdTULO DO SIMP\u00d3SIO EM CAIXA ALTA, TIMES NEW ROMAN, TAMANHO 12<\/strong><\/p>\n<p style=\"text-align: center;\"><strong>EIXO TEM\u00c1TICO NO QUAL SE ENQUADRA O SIMP\u00d3SIO TEM\u00c1TICO<\/strong><\/p>\n<p style=\"text-align: right;\">Nome do(s) proponente(s) do simp\u00f3sio tem\u00e1tico, seguido da sigla da institui\u00e7\u00e3o a qual pertence(m).<\/p>\n<p style=\"text-align: justify;\"><strong>Resumo<\/strong>: O resumo do simp\u00f3sio tem\u00e1tico deve ser escrito em L\u00edngua Portuguesa, em par\u00e1grafo \u00fanico, justificado, com no m\u00e1ximo 300 palavras, utilizando-se fonte <em>Times New Roman<\/em>, tamanho 12, espa\u00e7amento simples. O resumo deve apresentar as informa\u00e7\u00f5es que se fizerem necess\u00e1rias, seguidas de tr\u00eas a cinco palavras-chave, separadas por ponto, que situem os conceitos e a \u00e1rea de estudo aos quais o simp\u00f3sio vincula-se.<\/p>\n<p><strong>Palavras-chave:\u00a0<\/strong>Exemplo. Exemplo. Exemplo.<\/p>\n<h2><span style=\"color: #000000;\"><strong>Minicurso<\/strong><\/span><\/h2>\n<p style=\"text-align: center;\"><strong>T\u00cdTULO DO MINICURSO EM CAIXA ALTA, TIMES NEW ROMAN, TAMANHO 12<\/strong><\/p>\n<p style=\"text-align: center;\"><strong>EIXO TEM\u00c1TICO NO QUAL SE ENQUADRA O MINICURSO<\/strong><\/p>\n<p style=\"text-align: right;\">Nome do(s) proponente(s) do minicurso, seguido da sigla da institui\u00e7\u00e3o a qual pertence(m).<\/p>\n<p style=\"text-align: justify;\"><strong>Resumo<\/strong>: O resumo do minicurso deve ser escrito em L\u00edngua Portuguesa, em par\u00e1grafo \u00fanico, justificado, com no m\u00e1ximo 300 palavras, utilizando-se fonte <em>Times New Roman<\/em>, tamanho 12, espa\u00e7amento simples. O resumo deve apresentar as informa\u00e7\u00f5es que se fizerem necess\u00e1rias, seguidas de tr\u00eas a cinco palavras-chave, separadas por ponto, que situem os conceitos e a \u00e1rea de estudo aos quais o minicurso vincula-se.<\/p>\n<p><strong>Palavras-chave:\u00a0<\/strong>Exemplo. Exemplo. Exemplo.<\/p>\n<h2><span style=\"color: #000000;\"><strong>Comunica\u00e7\u00e3o individual\u00a0<\/strong><\/span><\/h2>\n<p style=\"text-align: center;\"><strong>T\u00cdTULO DA COMUNICA\u00c7\u00c3O INDIVIDUAL EM CAIXA ALTA, TIMES NEW ROMAN, TAMANHO 12.<\/strong><\/p>\n<p style=\"text-align: center;\"><strong>SIMP\u00d3SIO TEM\u00c1TICO NO QUAL SE ENQUADRA A COMUNICA\u00c7\u00c3O INDIVIDUAL<\/strong><\/p>\n<p style=\"text-align: right;\">Nome do(s) proponente(s), seguido da sigla da institui\u00e7\u00e3o a qual pertence(m)<\/p>\n<p style=\"text-align: justify;\"><strong>Resumo:<\/strong> O resumo da comunica\u00e7\u00e3o individual deve ser escrito em L\u00edngua Portuguesa, em par\u00e1grafo \u00fanico, justificado, com no m\u00e1ximo 300 palavras, utilizando-se fonte <em>Times New Roman<\/em>, tamanho 12, espa\u00e7amento simples. Deve conter objetivos, justificativa, metodologia, referencial te\u00f3rico e resultados (se houver). Ao final do resumo, faz-se necess\u00e1rio apresentar de tr\u00eas a cinco palavras-chave, separadas por ponto, que situem os conceitos e a \u00e1rea de estudo aos quais o trabalho vincula-se.<\/p>\n<p><strong>Palavras-chave:<\/strong> Exemplo. Exemplo. Exemplo.<\/p>\n<h2><span style=\"color: #000000;\"><strong>Painel<\/strong><\/span><\/h2>\n<p style=\"text-align: center;\"><strong>T\u00cdTULO DO PAINEL EM CAIXA ALTA, TIMES NEW ROMAN, TAMANHO 12, <\/strong><\/p>\n<p style=\"text-align: center;\"><strong>EIXO TEM\u00c1TICO NO QUAL SE ENQUADRA O PAINEL<\/strong><\/p>\n<p style=\"text-align: right;\">Nome do(s) proponente(s), seguido da sigla da institui\u00e7\u00e3o a qual pertence(m)<\/p>\n<p style=\"text-align: justify;\"><strong>Resumo:<\/strong> O resumo do painel deve ser escrito em L\u00edngua Portuguesa, em par\u00e1grafo \u00fanico, justificado, com no m\u00e1ximo 300 palavras, utilizando-se fonte <em>Times New Roman<\/em>, tamanho 12, espa\u00e7amento simples. Deve conter objetivos, justificativa, metodologia, referencial te\u00f3rico e resultados (se houver) e, ao seu final, faz-se necess\u00e1rio apresentar de tr\u00eas a cinco palavras-chave, separadas por ponto, que situem os conceitos e a \u00e1rea de estudo aos quais o trabalho se vincula.<\/p>\n<p><strong>Palavras-chave:<\/strong> Exemplo. Exemplo. Exemplo.<\/p>\n","protected":false},"excerpt":{"rendered":"<p>Mesa-redonda T\u00cdTULO DA MESA-REDONDA EM CAIXA ALTA, TIMES NEW ROMAN, TAMANHO 12 EIXO TEM\u00c1TICO NO QUAL SE ENQUADRA A MESA-REDONDA Nome dos integrantes da mesa-redonda, seguido da sigla da institui\u00e7\u00e3o a qual pertencem (Especificar qual dos integrantes ser\u00e1 o coordenador). Resumo: O resumo da mesa-redonda deve ser escrito em L\u00edngua Portuguesa, em par\u00e1grafo \u00fanico, justificado, &hellip; <a href=\"https:\/\/geolinterm.com.br\/segel\/?page_id=841\" class=\"more-link\">Continue lendo <span class=\"screen-reader-text\"><\/span> <span class=\"meta-nav\">&rarr;<\/span><\/a><\/p>\n","protected":false},"author":65,"featured_media":0,"parent":0,"menu_order":0,"comment_status":"closed","ping_status":"closed","template":"","meta":{"spay_email":"","footnotes":""},"class_list":["post-841","page","type-page","status-publish","hentry"],"_links":{"self":[{"href":"https:\/\/geolinterm.com.br\/segel\/index.php?rest_route=\/wp\/v2\/pages\/841","targetHints":{"allow":["GET"]}}],"collection":[{"href":"https:\/\/geolinterm.com.br\/segel\/index.php?rest_route=\/wp\/v2\/pages"}],"about":[{"href":"https:\/\/geolinterm.com.br\/segel\/index.php?rest_route=\/wp\/v2\/types\/page"}],"author":[{"embeddable":true,"href":"https:\/\/geolinterm.com.br\/segel\/index.php?rest_route=\/wp\/v2\/users\/65"}],"replies":[{"embeddable":true,"href":"https:\/\/geolinterm.com.br\/segel\/index.php?rest_route=%2Fwp%2Fv2%2Fcomments&post=841"}],"version-history":[{"count":13,"href":"https:\/\/geolinterm.com.br\/segel\/index.php?rest_route=\/wp\/v2\/pages\/841\/revisions"}],"predecessor-version":[{"id":1540,"href":"https:\/\/geolinterm.com.br\/segel\/index.php?rest_route=\/wp\/v2\/pages\/841\/revisions\/1540"}],"wp:attachment":[{"href":"https:\/\/geolinterm.com.br\/segel\/index.php?rest_route=%2Fwp%2Fv2%2Fmedia&parent=841"}],"curies":[{"name":"wp","href":"https:\/\/api.w.org\/{rel}","templated":true}]}}