{"id":905,"date":"2017-06-21T20:21:58","date_gmt":"2017-06-21T20:21:58","guid":{"rendered":"http:\/\/geolinterm.com.br\/sergel\/?page_id=905"},"modified":"2017-06-21T20:23:28","modified_gmt":"2017-06-21T20:23:28","slug":"circulares","status":"publish","type":"page","link":"https:\/\/geolinterm.com.br\/segel\/?page_id=905","title":{"rendered":"Circulares"},"content":{"rendered":"<h1><strong>II Circular<\/strong><\/h1>\n<p style=\"text-align: justify;\">A comiss\u00e3o organizadora do VII SERGEL convida os professores e pesquisadores interessados a propor simp\u00f3sio tem\u00e1tico ao presente Evento, que ser\u00e1 realizado na Universidade Federal do Par\u00e1 (UFPA), em Bel\u00e9m, no per\u00edodo de 22 a 24 de novembro de 2017. As propostas devem estar de acordo com os eixos tem\u00e1ticos do Evento.<\/p>\n<p style=\"text-align: justify;\"><strong>As inscri\u00e7\u00f5es para coordenador(a) de simp\u00f3sio iniciar\u00e3o no dia 12\/06\/2017 e ser\u00e3o encerradas em 10\/07\/2017<\/strong>.<\/p>\n<p style=\"text-align: justify;\">Poder\u00e3o submeter proposta de simp\u00f3sio doutores vinculados a uma institui\u00e7\u00e3o de ensino superior ou membros de grupo de pesquisa. As propostas devem se alinhar a um dos seguintes eixos: Atlas lingu\u00edstico; Escrita popular; Estudo de rede e pr\u00e1ticas sociais; Fraseologia; Geossociolingu\u00edstica; Lexicologia educacional; Libras (LSB), diversidade e ensino; Livro did\u00e1tico, varia\u00e7\u00e3o e ensino; Pesquisa-a\u00e7\u00e3o em sociolingu\u00edstica; Portugu\u00eas de contato (com l\u00ednguas ind\u00edgenas e l\u00ednguas de imigra\u00e7\u00e3o); Portugu\u00eas quilombola; Sociofon\u00e9tica; Sociolingu\u00edstica educacional; Socioterminologia; Tradi\u00e7\u00e3o oral e ensino. N\u00e3o ser\u00e1 aceita mais de uma proposta por um mesmo proponente.<\/p>\n<p style=\"text-align: justify;\">A programa\u00e7\u00e3o do VII SERGEL inclui confer\u00eancias, palestras, mesas-redondas, simp\u00f3sios tem\u00e1ticos, p\u00f4steres, minicursos. Est\u00e1 confirmada a presen\u00e7a dos professores convidados: Ana Suelly Arruda C\u00e2mara Cabral (UnB), Harald Thun (Universidade de Kiel), Leda Bisol (PUC-Rio Grande do Sul), Luiz Percival Leme Britto (UFOPA), Maria Lu\u00edsa Ortiz Alvarez (UnB), Raquel da Silva Lopes (UFPA), Salah Mejri (Universit\u00e9 Paris 13), Tha\u00efs Crist\u00f3faro-Silva (UFMG), Vanderci Aguilera (UEL).<\/p>\n<p style=\"text-align: justify;\">Para mais informa\u00e7\u00f5es, visite o site do Evento: <a href=\"http:\/\/geolinterm.com.br\/sergel\/\">http:\/\/geolinterm.com.br\/sergel\/<\/a><\/p>\n<p>Comiss\u00e3o Organizadora.<\/p>\n<p>&nbsp;<\/p>\n<h1><strong>I Circular<\/strong><\/h1>\n<p style=\"text-align: justify;\">O grupo de pesquisa do Projeto GeoLinTerm, na pessoa do professor Abdelhak Razky, sente-se honrado em convid\u00e1-los a participar do <strong>VII Semin\u00e1rio Regional de Geossociolingu\u00edstica (SERGEL 2017)<\/strong>, que ser\u00e1 realizado na<strong> Universidade Federal do Par\u00e1 (UFPA)<\/strong>, em Bel\u00e9m, <strong>no per\u00edodo de 22 a 24 de novembro de 2017<\/strong>.<\/p>\n<p style=\"text-align: justify;\">O SERGEL se configura como um evento de car\u00e1ter regional, mas com importante contribui\u00e7\u00e3o de participantes de todo o Brasil e at\u00e9 do exterior. Seu objetivo principal \u00e9 integrar pesquisa, ensino e extens\u00e3o, aproximando a gradua\u00e7\u00e3o e a p\u00f3s-gradua\u00e7\u00e3o no Curso de Letras, a fim de contribuir para a ci\u00eancia e educa\u00e7\u00e3o na regi\u00e3o amaz\u00f4nica.<\/p>\n<p style=\"text-align: justify;\">Desde a primeira edi\u00e7\u00e3o, o SERGEL conta com o apoio do Programa de P\u00f3s-Gradua\u00e7\u00e3o em Letras (PPGL), do Instituto de Letras e Comunica\u00e7\u00e3o (ILC) e da Pr\u00f3-Reitoria de Pesquisa e P\u00f3s-Gradua\u00e7\u00e3o (PROPESP) da UFPA. Nesta s\u00e9tima edi\u00e7\u00e3o, o evento tem como tem\u00e1tica <strong>Varia\u00e7\u00e3o e Diversidade Lingu\u00edstica: as novas tend\u00eancias dos estudos variacionistas<\/strong>. A escolha dessa tem\u00e1tica tem como foco, dentre outros, reavaliar as bases te\u00f3ricas e metodol\u00f3gicas das pesquisas em varia\u00e7\u00e3o lingu\u00edstica, refletindo sobre as novas tend\u00eancias dos estudos neste campo da lingu\u00edstica.<\/p>\n<p style=\"text-align: justify;\">Portanto, o escopo do evento abriga trabalhos da \u00e1rea de Letras e Educa\u00e7\u00e3o, relacionados a pesquisa, a ensino e a novas tecnologias, utilizadas ou utiliz\u00e1veis para a melhoria da atua\u00e7\u00e3o dos profissionais dessas \u00e1reas. Nesse sentido, ser\u00e3o bem-vindas contribui\u00e7\u00f5es de professores-pesquisadores, professores da educa\u00e7\u00e3o b\u00e1sica e superior, estudantes de gradua\u00e7\u00e3o e de p\u00f3s-gradua\u00e7\u00e3o, gestores e t\u00e9cnicos educacionais, profissionais de atividades afins. O VII SERGEL contar\u00e1 com a realiza\u00e7\u00e3o de confer\u00eancias, palestras, mesas-redondas, minicursos, comunica\u00e7\u00f5es e p\u00f4steres. Acompanhe a atualiza\u00e7\u00e3o das informa\u00e7\u00f5es do evento em: <a href=\"http:\/\/geolinterm.com.br\/sergel\/ \">http:\/\/geolinterm.com.br\/sergel\/ <\/a><\/p>\n<p style=\"text-align: justify;\">Comiss\u00e3o Organizadora.<\/p>\n<p>&nbsp;<\/p>\n<p>&nbsp;<\/p>\n","protected":false},"excerpt":{"rendered":"<p>II Circular A comiss\u00e3o organizadora do VII SERGEL convida os professores e pesquisadores interessados a propor simp\u00f3sio tem\u00e1tico ao presente Evento, que ser\u00e1 realizado na Universidade Federal do Par\u00e1 (UFPA), em Bel\u00e9m, no per\u00edodo de 22 a 24 de novembro de 2017. As propostas devem estar de acordo com os eixos tem\u00e1ticos do Evento. As &hellip; <a href=\"https:\/\/geolinterm.com.br\/segel\/?page_id=905\" class=\"more-link\">Continue lendo <span class=\"screen-reader-text\">Circulares<\/span> <span class=\"meta-nav\">&rarr;<\/span><\/a><\/p>\n","protected":false},"author":65,"featured_media":0,"parent":0,"menu_order":0,"comment_status":"closed","ping_status":"closed","template":"","meta":{"spay_email":"","footnotes":""},"class_list":["post-905","page","type-page","status-publish","hentry"],"_links":{"self":[{"href":"https:\/\/geolinterm.com.br\/segel\/index.php?rest_route=\/wp\/v2\/pages\/905","targetHints":{"allow":["GET"]}}],"collection":[{"href":"https:\/\/geolinterm.com.br\/segel\/index.php?rest_route=\/wp\/v2\/pages"}],"about":[{"href":"https:\/\/geolinterm.com.br\/segel\/index.php?rest_route=\/wp\/v2\/types\/page"}],"author":[{"embeddable":true,"href":"https:\/\/geolinterm.com.br\/segel\/index.php?rest_route=\/wp\/v2\/users\/65"}],"replies":[{"embeddable":true,"href":"https:\/\/geolinterm.com.br\/segel\/index.php?rest_route=%2Fwp%2Fv2%2Fcomments&post=905"}],"version-history":[{"count":2,"href":"https:\/\/geolinterm.com.br\/segel\/index.php?rest_route=\/wp\/v2\/pages\/905\/revisions"}],"predecessor-version":[{"id":907,"href":"https:\/\/geolinterm.com.br\/segel\/index.php?rest_route=\/wp\/v2\/pages\/905\/revisions\/907"}],"wp:attachment":[{"href":"https:\/\/geolinterm.com.br\/segel\/index.php?rest_route=%2Fwp%2Fv2%2Fmedia&parent=905"}],"curies":[{"name":"wp","href":"https:\/\/api.w.org\/{rel}","templated":true}]}}