{"id":915,"date":"2017-06-21T21:47:25","date_gmt":"2017-06-21T21:47:25","guid":{"rendered":"http:\/\/geolinterm.com.br\/sergel\/?page_id=915"},"modified":"2017-10-27T14:26:25","modified_gmt":"2017-10-27T14:26:25","slug":"convidados","status":"publish","type":"page","link":"https:\/\/geolinterm.com.br\/segel\/?page_id=915","title":{"rendered":"Convidados"},"content":{"rendered":"<div class=\"su-row\">\n<div class=\"su-column su-column-size-1-2\"><div class=\"su-column-inner su-u-clearfix su-u-trim\"> <a href=\"http:\/\/geolinterm.com.br\/sergel\/wp-content\/uploads\/2015\/08\/AnaSuellyCabral.jpg\"><img loading=\"lazy\" decoding=\"async\" class=\"wp-image-491 size-thumbnail aligncenter\" src=\"http:\/\/geolinterm.com.br\/sergel\/wp-content\/uploads\/2015\/08\/AnaSuellyCabral-150x150.jpg\" alt=\"\" width=\"150\" height=\"150\" \/><\/a><\/p>\n<p style=\"text-align: center;\">Profa. Dra. Ana Suelly C\u00e2mara A. Cabral (UnB)<\/p>\n<p style=\"text-align: center;\">Minicurso:Pol\u00edticas lingu\u00edsticas para as l\u00ednguas ind\u00edgenas\u00a0\u00a0brasileiras.<\/p>\n<p style=\"text-align: center;\"><a href=\"http:\/\/geolinterm.com.br\/sergel\/?page_id=909#ancora1\" target=\"_blank\" rel=\"noopener\">Resumo<\/a><\/p>\n<\/div><\/div>\n<div class=\"su-column su-column-size-1-2\"><div class=\"su-column-inner su-u-clearfix su-u-trim\"> <a href=\"http:\/\/geolinterm.com.br\/sergel\/wp-content\/uploads\/2017\/06\/Foto-Harald-Thun.jpg\"><img loading=\"lazy\" decoding=\"async\" class=\"wp-image-918 size-thumbnail aligncenter\" src=\"http:\/\/geolinterm.com.br\/sergel\/wp-content\/uploads\/2017\/06\/Foto-Harald-Thun-150x150.jpg\" alt=\"\" width=\"150\" height=\"150\" \/><\/a><\/p>\n<p class=\"x_MsoNormal\" style=\"text-align: center;\">Prof. Dr. Harald Thun (Universidade de Kiel-Alemanha)<\/p>\n<p style=\"text-align: center;\">\u00a0Minicurso:O trabalho geolingu\u00edstico segundo os princ\u00edpios da Dialetologia Pluridimensional.<\/p>\n<\/div><\/div>\n<\/div>\n<div class=\"su-row\">\n<div class=\"su-column su-column-size-1-2\"><div class=\"su-column-inner su-u-clearfix su-u-trim\">\n<a href=\"http:\/\/geolinterm.com.br\/sergel\/wp-content\/uploads\/2017\/06\/bisol.jpg\"><img loading=\"lazy\" decoding=\"async\" class=\"size-thumbnail wp-image-921 aligncenter\" src=\"http:\/\/geolinterm.com.br\/sergel\/wp-content\/uploads\/2017\/06\/bisol-150x150.jpg\" alt=\"\" width=\"150\" height=\"150\" \/><\/a><\/p>\n<p class=\"x_MsoNormal\" style=\"text-align: center;\">Profa. Dra. Leda Bisol (PUC-RS)<\/p>\n<p class=\"x_MsoNormal\" style=\"text-align: center;\">Palestra:\u00a0A varia\u00e7\u00e3o fonol\u00f3gica \u00a0no sul do pa\u00eds<\/p>\n<\/div><\/div>\n<div class=\"su-column su-column-size-1-2\"><div class=\"su-column-inner su-u-clearfix su-u-trim\">\n<a href=\"http:\/\/geolinterm.com.br\/sergel\/wp-content\/uploads\/2015\/08\/Luiz_Percival.jpg\"><img loading=\"lazy\" decoding=\"async\" class=\"wp-image-490 size-thumbnail aligncenter\" src=\"http:\/\/geolinterm.com.br\/sergel\/wp-content\/uploads\/2015\/08\/Luiz_Percival-150x150.jpg\" alt=\"\" width=\"150\" height=\"150\" \/><\/a><\/p>\n<p style=\"text-align: center;\">Prof. Dr. Luiz Percival de Leme Britto (UFOPA)<\/p>\n<\/div><\/div>\n<\/div>\n<div class=\"su-row\">\n<div class=\"su-column su-column-size-1-2\"><div class=\"su-column-inner su-u-clearfix su-u-trim\">\n<a href=\"http:\/\/geolinterm.com.br\/sergel\/wp-content\/uploads\/2017\/06\/marcela.jpg\"><img loading=\"lazy\" decoding=\"async\" class=\"size-thumbnail wp-image-922 aligncenter\" src=\"http:\/\/geolinterm.com.br\/sergel\/wp-content\/uploads\/2017\/06\/marcela-150x150.jpg\" alt=\"\" width=\"150\" height=\"150\" \/><\/a><\/p>\n<p class=\"x_MsoNormal\" style=\"text-align: center;\">Profa. Dra. Marcela Paim (UFBA)<\/p>\n<p style=\"text-align: center;\">Minicurso:Sem\u00e2ntica na Dialetologia da L\u00edngua Portuguesa.<\/p>\n<p style=\"text-align: center;\"><a href=\"http:\/\/geolinterm.com.br\/sergel\/?page_id=909#ancora3\" target=\"_blank\" rel=\"noopener\">Resumo<\/a><\/p>\n<p style=\"text-align: center;\">Simp\u00f3sio:\u00a0GEOSSOCIOLINGU\u00cdSTICA<\/p>\n<p style=\"text-align: center;\"><a href=\"http:\/\/geolinterm.com.br\/sergel\/?page_id=1025#marcela\">Resumo<\/a><\/p>\n<p>&nbsp;<\/p>\n<\/div><\/div>\n<div class=\"su-column su-column-size-1-2\"><div class=\"su-column-inner su-u-clearfix su-u-trim\">\n<a href=\"http:\/\/geolinterm.com.br\/sergel\/wp-content\/uploads\/2017\/06\/Foto-Ortiz-1.jpg\"><img loading=\"lazy\" decoding=\"async\" class=\"size-thumbnail wp-image-920 aligncenter\" src=\"http:\/\/geolinterm.com.br\/sergel\/wp-content\/uploads\/2017\/06\/Foto-Ortiz-1-150x150.jpg\" alt=\"\" width=\"150\" height=\"150\" \/><\/a><\/p>\n<p class=\"x_MsoNormal\" style=\"text-align: center;\">Profa. Dra. Maria Lu\u00edsa Ort\u00edz-Alvarez (UnB)<\/p>\n<p style=\"text-align: center;\">Minicurso:<span class=\"TextRun SCXW25206674\" lang=\"PT-BR\" xml:lang=\"PT-BR\"><span class=\"NormalTextRun SCXW25206674\">BANANEIRA QUE J\u00c1 DEU CACHO? As express\u00f5es idiom\u00e1ticas e seu significado metaf\u00f3rico e pragm\u00e1tico<\/span><\/span>.<\/p>\n<p style=\"text-align: center;\"><a href=\"http:\/\/geolinterm.com.br\/sergel\/?page_id=909#ancora5\">Resumo<\/a><\/p>\n<p style=\"text-align: center;\">Mesa redonda:AS DUAS CARAS DE UMA MESMA MOEDA:\u00a0a compet\u00eancia fraseol\u00f3gica e\u00a0a compet\u00eancia intercultural na Tradu\u00e7\u00e3o de Eis e na\u00a0Fraseodid\u00e1tica.<strong>\u00a0<\/strong><\/p>\n<p style=\"text-align: center;\"><a href=\"http:\/\/geolinterm.com.br\/sergel\/?page_id=1084\">Resumo<\/a><\/p>\n<\/div><\/div>\n<\/div>\n<div class=\"su-row\">\n<div class=\"su-column su-column-size-1-2\"><div class=\"su-column-inner su-u-clearfix su-u-trim\">\n<a href=\"http:\/\/geolinterm.com.br\/sergel\/wp-content\/uploads\/2017\/06\/raquel.jpg\"><img loading=\"lazy\" decoding=\"async\" class=\"size-thumbnail wp-image-938 aligncenter\" src=\"http:\/\/geolinterm.com.br\/sergel\/wp-content\/uploads\/2017\/06\/raquel-150x150.jpg\" alt=\"\" width=\"150\" height=\"150\" \/><\/a><\/p>\n<p class=\"x_MsoNormal\" style=\"text-align: center;\">Profa. Dra. Raquel da Silva Lopes (UFPA)<\/p>\n<p style=\"text-align: center;\">Minicurso:Etnografia.<\/p>\n<\/div><\/div>\n<div class=\"su-column su-column-size-1-2\"><div class=\"su-column-inner su-u-clearfix su-u-trim\">\n<p><a href=\"http:\/\/geolinterm.com.br\/sergel\/wp-content\/uploads\/2017\/06\/IMG-20141015-WA0006.jpg\"><img loading=\"lazy\" decoding=\"async\" class=\"size-thumbnail wp-image-946 aligncenter\" src=\"http:\/\/geolinterm.com.br\/sergel\/wp-content\/uploads\/2017\/06\/IMG-20141015-WA0006-150x150.jpg\" alt=\"\" width=\"150\" height=\"150\" \/><\/a><\/p>\n<p class=\"x_MsoNormal\" style=\"text-align: center;\">Prof. Dr. Salah Mejri (Paris XIII)<\/p>\n<p style=\"text-align: center;\">Palestra: Phras\u00e9ologie et atlas linguistique<\/p>\n<p style=\"text-align: center;\"><a href=\"http:\/\/geolinterm.com.br\/sergel\/?page_id=1042\" target=\"_blank\" rel=\"noopener\">Resumo<\/a><\/p>\n<\/div><\/div>\n<\/div>\n<p>&nbsp;<\/p>\n<div class=\"su-row\">\n<div class=\"su-column su-column-size-1-2\"><div class=\"su-column-inner su-u-clearfix su-u-trim\">\n<a href=\"http:\/\/geolinterm.com.br\/sergel\/wp-content\/uploads\/2017\/06\/Foto-Thais.jpg\"><img loading=\"lazy\" decoding=\"async\" class=\"size-thumbnail wp-image-924 aligncenter\" src=\"http:\/\/geolinterm.com.br\/sergel\/wp-content\/uploads\/2017\/06\/Foto-Thais-150x150.jpg\" alt=\"\" width=\"150\" height=\"150\" \/><\/a><\/p>\n<p class=\"x_MsoNormal\" style=\"text-align: center;\">Profa. Dra. Tha\u00efs Crist\u00f3faro Alves da Silva (UFMG)<\/p>\n<\/div><\/div>\n<div class=\"su-column su-column-size-1-2\"><div class=\"su-column-inner su-u-clearfix su-u-trim\">\n<a href=\"http:\/\/geolinterm.com.br\/sergel\/wp-content\/uploads\/2017\/06\/Foto-Vanderci.jpg\"><img loading=\"lazy\" decoding=\"async\" class=\"size-thumbnail wp-image-926 aligncenter\" src=\"http:\/\/geolinterm.com.br\/sergel\/wp-content\/uploads\/2017\/06\/Foto-Vanderci-150x150.jpg\" alt=\"\" width=\"150\" height=\"150\" \/><\/a><\/p>\n<p style=\"text-align: center;\">Prof. Dra. Vanderci de Andrade Aguilera (UEL)<\/p>\n<\/div><\/div>\n<\/div>\n<div class=\"su-row\">\n<div class=\"su-column su-column-size-1-2\"><div class=\"su-column-inner su-u-clearfix su-u-trim\">\n<p style=\"text-align: center;\"><a href=\"http:\/\/geolinterm.com.br\/sergel\/wp-content\/uploads\/2017\/06\/Foto-de-Dante.jpg\"><img loading=\"lazy\" decoding=\"async\" class=\"size-thumbnail wp-image-1106 aligncenter\" src=\"http:\/\/geolinterm.com.br\/sergel\/wp-content\/uploads\/2017\/06\/Foto-de-Dante-150x150.jpg\" alt=\"\" width=\"150\" height=\"150\" \/><\/a><\/p>\n<p class=\"x_MsoNormal\" style=\"text-align: center;\">Prof. Dr. Dante Lucchesi (UFF\/CNPq<span lang=\"EN-US\">)<\/span><\/p>\n<p class=\"x_MsoNormal\" style=\"text-align: center;\">Palestra: S\u00f3cio-hist\u00f3ria da Lusofonia e Diretrizes para um Ensino Inclusivo do Portugu\u00eas Brasileiro<\/p>\n<\/div><\/div>\n<div class=\"su-column su-column-size-1-2\"><div class=\"su-column-inner su-u-clearfix su-u-trim\">\n<p><a href=\"http:\/\/geolinterm.com.br\/sergel\/wp-content\/uploads\/2017\/06\/Penha-1-e1509071577569.jpg\"><img loading=\"lazy\" decoding=\"async\" class=\"size-thumbnail wp-image-1124 aligncenter\" src=\"http:\/\/geolinterm.com.br\/sergel\/wp-content\/uploads\/2017\/06\/Penha-1-150x150.jpg\" alt=\"\" width=\"150\" height=\"150\" \/><\/a><\/p>\n<p style=\"text-align: center;\">Prof\u00aa. Dr\u00aa. Maria da Penha Casado Alves (UFRN)<\/p>\n<p style=\"text-align: center;\">Mesa Redonda: ProfLetras: onde estamos e a mem\u00f3ria de futuro<\/p>\n<p style=\"text-align: center;\"><a href=\"http:\/\/geolinterm.com.br\/sergel\/?page_id=1084#ancora2\">Resumo<\/a><\/p>\n<\/div><\/div>\n<\/div>\n","protected":false},"excerpt":{"rendered":"<p>&nbsp;<\/p>\n","protected":false},"author":65,"featured_media":0,"parent":0,"menu_order":0,"comment_status":"closed","ping_status":"closed","template":"","meta":{"spay_email":"","footnotes":""},"class_list":["post-915","page","type-page","status-publish","hentry"],"_links":{"self":[{"href":"https:\/\/geolinterm.com.br\/segel\/index.php?rest_route=\/wp\/v2\/pages\/915","targetHints":{"allow":["GET"]}}],"collection":[{"href":"https:\/\/geolinterm.com.br\/segel\/index.php?rest_route=\/wp\/v2\/pages"}],"about":[{"href":"https:\/\/geolinterm.com.br\/segel\/index.php?rest_route=\/wp\/v2\/types\/page"}],"author":[{"embeddable":true,"href":"https:\/\/geolinterm.com.br\/segel\/index.php?rest_route=\/wp\/v2\/users\/65"}],"replies":[{"embeddable":true,"href":"https:\/\/geolinterm.com.br\/segel\/index.php?rest_route=%2Fwp%2Fv2%2Fcomments&post=915"}],"version-history":[{"count":23,"href":"https:\/\/geolinterm.com.br\/segel\/index.php?rest_route=\/wp\/v2\/pages\/915\/revisions"}],"predecessor-version":[{"id":1336,"href":"https:\/\/geolinterm.com.br\/segel\/index.php?rest_route=\/wp\/v2\/pages\/915\/revisions\/1336"}],"wp:attachment":[{"href":"https:\/\/geolinterm.com.br\/segel\/index.php?rest_route=%2Fwp%2Fv2%2Fmedia&parent=915"}],"curies":[{"name":"wp","href":"https:\/\/api.w.org\/{rel}","templated":true}]}}